{"id":4848,"date":"2023-05-18T14:34:46","date_gmt":"2023-05-18T12:34:46","guid":{"rendered":"https:\/\/www.edenred.es\/?page_id=4848"},"modified":"2023-09-20T11:25:17","modified_gmt":"2023-09-20T09:25:17","slug":"privacidad","status":"publish","type":"page","link":"https:\/\/www.edenred.es\/en\/privacidad\/","title":{"rendered":"Privacy"},"content":{"rendered":"\t\t<div data-elementor-type=\"wp-page\" data-elementor-id=\"4848\" class=\"elementor elementor-4848\" data-elementor-post-type=\"page\">\n\t\t\t\t<div data-particle_enable=\"false\" data-particle-mobile-disabled=\"false\" class=\"elementor-element elementor-element-03318cb e-flex e-con-boxed e-con e-parent\" data-id=\"03318cb\" data-element_type=\"container\" data-settings=\"{&quot;background_background&quot;:&quot;classic&quot;}\">\n\t\t\t\t\t<div class=\"e-con-inner\">\n\t\t\t\t<div class=\"elementor-element elementor-element-1d640fe elementor-widget elementor-widget-heading\" data-id=\"1d640fe\" data-element_type=\"widget\" data-widget_type=\"heading.default\">\n\t\t\t\t\t<h1 class=\"elementor-heading-title elementor-size-default\">Informaci\u00f3n b\u00e1sica de protecci\u00f3n de datos\n<\/h1>\t\t\t\t<\/div>\n\t\t\t\t\t<\/div>\n\t\t\t\t<\/div>\n\t\t<div data-particle_enable=\"false\" data-particle-mobile-disabled=\"false\" class=\"elementor-element elementor-element-630b346 e-flex e-con-boxed e-con e-parent\" data-id=\"630b346\" data-element_type=\"container\">\n\t\t\t\t\t<div class=\"e-con-inner\">\n\t\t\t\t<div class=\"elementor-element elementor-element-ce4613c elementor-widget elementor-widget-heading\" data-id=\"ce4613c\" data-element_type=\"widget\" data-widget_type=\"heading.default\">\n\t\t\t\t\t<h2 class=\"elementor-heading-title elementor-size-default\">Responsable<\/h2>\t\t\t\t<\/div>\n\t\t\t\t<div class=\"elementor-element elementor-element-ec52dc8 elementor-widget elementor-widget-text-editor\" data-id=\"ec52dc8\" data-element_type=\"widget\" data-widget_type=\"text-editor.default\">\n\t\t\t\t\t\t\t\t\t<div class=\"edrd-text-body__section\"><div class=\"edrd-text-body__text\"><div class=\"edrd-text-body__section\"><div class=\"edrd-text-body__text\">Edenred Espa\u00f1a, S.A.<\/div><\/div><\/div><\/div>\t\t\t\t\t\t\t\t<\/div>\n\t\t\t\t<div class=\"elementor-element elementor-element-2184644 elementor-absolute elementor-hidden-tablet elementor-hidden-mobile elementor-widget elementor-widget-html\" data-id=\"2184644\" data-element_type=\"widget\" data-settings=\"{&quot;_position&quot;:&quot;absolute&quot;,&quot;motion_fx_motion_fx_scrolling&quot;:&quot;yes&quot;,&quot;motion_fx_translateY_effect&quot;:&quot;yes&quot;,&quot;motion_fx_translateY_speed&quot;:{&quot;unit&quot;:&quot;px&quot;,&quot;size&quot;:2,&quot;sizes&quot;:[]},&quot;motion_fx_translateY_affectedRange&quot;:{&quot;unit&quot;:&quot;%&quot;,&quot;size&quot;:&quot;&quot;,&quot;sizes&quot;:{&quot;start&quot;:0,&quot;end&quot;:100}},&quot;motion_fx_devices&quot;:[&quot;desktop&quot;,&quot;tablet&quot;,&quot;mobile&quot;]}\" data-widget_type=\"html.default\">\n\t\t\t\t\t<svg width=\"145\" height=\"145\" viewBox=\"0 0 145 145\" fill=\"none\" xmlns=\"http:\/\/www.w3.org\/2000\/svg\">\n<circle opacity=\"0.8\" cx=\"72.5\" cy=\"72.5\" r=\"72.5\" fill=\"white\"\/>\n<\/svg>\n\t\t\t\t<\/div>\n\t\t\t\t<div class=\"elementor-element elementor-element-c03bb26 elementor-absolute elementor-hidden-tablet elementor-hidden-mobile elementor-widget elementor-widget-html\" data-id=\"c03bb26\" data-element_type=\"widget\" data-settings=\"{&quot;_position&quot;:&quot;absolute&quot;,&quot;motion_fx_motion_fx_scrolling&quot;:&quot;yes&quot;,&quot;motion_fx_translateY_effect&quot;:&quot;yes&quot;,&quot;motion_fx_translateY_direction&quot;:&quot;negative&quot;,&quot;motion_fx_translateY_speed&quot;:{&quot;unit&quot;:&quot;px&quot;,&quot;size&quot;:3,&quot;sizes&quot;:[]},&quot;motion_fx_translateY_affectedRange&quot;:{&quot;unit&quot;:&quot;%&quot;,&quot;size&quot;:&quot;&quot;,&quot;sizes&quot;:{&quot;start&quot;:0,&quot;end&quot;:100}},&quot;motion_fx_devices&quot;:[&quot;desktop&quot;,&quot;tablet&quot;,&quot;mobile&quot;]}\" data-widget_type=\"html.default\">\n\t\t\t\t\t<svg width=\"183\" height=\"392\" viewBox=\"0 0 183 392\" fill=\"none\" xmlns=\"http:\/\/www.w3.org\/2000\/svg\">\n<circle cx=\"196\" cy=\"196\" r=\"195\" stroke=\"url(#paint0_linear_432_1471)\" stroke-width=\"2\"\/>\n<defs>\n<linearGradient id=\"paint0_linear_432_1471\" x1=\"196\" y1=\"0\" x2=\"196\" y2=\"392\" gradientUnits=\"userSpaceOnUse\">\n<stop stop-color=\"#F92324\"\/>\n<stop offset=\"1\" stop-color=\"#FF017E\"\/>\n<\/linearGradient>\n<\/defs>\n<\/svg>\n\t\t\t\t<\/div>\n\t\t\t\t\t<\/div>\n\t\t\t\t<\/div>\n\t\t<div data-particle_enable=\"false\" data-particle-mobile-disabled=\"false\" class=\"elementor-element elementor-element-af838c7 e-flex e-con-boxed e-con e-parent\" data-id=\"af838c7\" data-element_type=\"container\">\n\t\t\t\t\t<div class=\"e-con-inner\">\n\t\t\t\t<div class=\"elementor-element elementor-element-7acd675 elementor-widget elementor-widget-heading\" data-id=\"7acd675\" data-element_type=\"widget\" data-widget_type=\"heading.default\">\n\t\t\t\t\t<h2 class=\"elementor-heading-title elementor-size-default\">Delegado de protecci\u00f3n de datos<\/h2>\t\t\t\t<\/div>\n\t\t\t\t<div class=\"elementor-element elementor-element-f791d24 elementor-widget elementor-widget-text-editor\" data-id=\"f791d24\" data-element_type=\"widget\" data-widget_type=\"text-editor.default\">\n\t\t\t\t\t\t\t\t\t<div class=\"edrd-text-body__section\"><div class=\"edrd-text-body__text\"><div class=\"edrd-text-body__section\"><div class=\"edrd-text-body__text\"><div class=\"edrd-text-body__section\"><div class=\"edrd-text-body__text\"><p>dpo.spain@edenred.com<\/p><\/div><\/div><\/div><\/div><\/div><\/div>\t\t\t\t\t\t\t\t<\/div>\n\t\t\t\t\t<\/div>\n\t\t\t\t<\/div>\n\t\t<div data-particle_enable=\"false\" data-particle-mobile-disabled=\"false\" class=\"elementor-element elementor-element-0f112ba e-flex e-con-boxed e-con e-parent\" data-id=\"0f112ba\" data-element_type=\"container\">\n\t\t\t\t\t<div class=\"e-con-inner\">\n\t\t\t\t<div class=\"elementor-element elementor-element-faecddb elementor-widget elementor-widget-heading\" data-id=\"faecddb\" data-element_type=\"widget\" data-widget_type=\"heading.default\">\n\t\t\t\t\t<h2 class=\"elementor-heading-title elementor-size-default\">Finalidad<\/h2>\t\t\t\t<\/div>\n\t\t\t\t<div class=\"elementor-element elementor-element-c9b6127 elementor-widget elementor-widget-text-editor\" data-id=\"c9b6127\" data-element_type=\"widget\" data-widget_type=\"text-editor.default\">\n\t\t\t\t\t\t\t\t\t<div class=\"edrd-text-body__section\"><div class=\"edrd-text-body__text\"><div class=\"edrd-text-body__section\"><div class=\"edrd-text-body__text\"><div class=\"edrd-text-body__section\"><div class=\"edrd-text-body__text\"><div class=\"edrd-text-body__section\"><div class=\"edrd-text-body__text\">Atender sus consultas y, en su caso, Remisi\u00f3n de comunicaciones comerciales si as\u00ed lo ha autorizado con la correspondiente acci\u00f3n afirmativa<\/div><\/div><\/div><\/div><\/div><\/div><\/div><\/div>\t\t\t\t\t\t\t\t<\/div>\n\t\t\t\t\t<\/div>\n\t\t\t\t<\/div>\n\t\t<div data-particle_enable=\"false\" data-particle-mobile-disabled=\"false\" class=\"elementor-element elementor-element-1a9dfcb e-flex e-con-boxed e-con e-parent\" data-id=\"1a9dfcb\" data-element_type=\"container\">\n\t\t\t\t\t<div class=\"e-con-inner\">\n\t\t\t\t<div class=\"elementor-element elementor-element-b537244 elementor-widget elementor-widget-heading\" data-id=\"b537244\" data-element_type=\"widget\" data-widget_type=\"heading.default\">\n\t\t\t\t\t<h2 class=\"elementor-heading-title elementor-size-default\">Legitimaci\u00f3n<\/h2>\t\t\t\t<\/div>\n\t\t\t\t<div class=\"elementor-element elementor-element-8abef44 elementor-widget elementor-widget-text-editor\" data-id=\"8abef44\" data-element_type=\"widget\" data-widget_type=\"text-editor.default\">\n\t\t\t\t\t\t\t\t\t<div class=\"edrd-text-body__section\"><div class=\"edrd-text-body__text\"><div class=\"edrd-text-body__section\"><div class=\"edrd-text-body__text\"><div class=\"edrd-text-body__section\"><div class=\"edrd-text-body__text\"><div class=\"edrd-text-body__section\"><div class=\"edrd-text-body__text\"><div class=\"edrd-text-body__section\"><div class=\"edrd-text-body__text\"><p>Consentimiento prestado libremente<\/p><\/div><\/div><\/div><\/div><\/div><\/div><\/div><\/div><\/div><\/div>\t\t\t\t\t\t\t\t<\/div>\n\t\t\t\t<div class=\"elementor-element elementor-element-86fe255 elementor-absolute elementor-hidden-tablet elementor-hidden-mobile elementor-widget elementor-widget-html\" data-id=\"86fe255\" data-element_type=\"widget\" data-settings=\"{&quot;_position&quot;:&quot;absolute&quot;,&quot;motion_fx_motion_fx_scrolling&quot;:&quot;yes&quot;,&quot;motion_fx_translateY_effect&quot;:&quot;yes&quot;,&quot;motion_fx_translateY_speed&quot;:{&quot;unit&quot;:&quot;px&quot;,&quot;size&quot;:3,&quot;sizes&quot;:[]},&quot;motion_fx_translateY_affectedRange&quot;:{&quot;unit&quot;:&quot;%&quot;,&quot;size&quot;:&quot;&quot;,&quot;sizes&quot;:{&quot;start&quot;:0,&quot;end&quot;:100}},&quot;motion_fx_devices&quot;:[&quot;desktop&quot;,&quot;tablet&quot;,&quot;mobile&quot;]}\" data-widget_type=\"html.default\">\n\t\t\t\t\t<svg width=\"116\" height=\"116\" viewBox=\"0 0 116 116\" fill=\"none\" xmlns=\"http:\/\/www.w3.org\/2000\/svg\">\n<circle opacity=\"0.8\" cx=\"58\" cy=\"58\" r=\"58\" fill=\"white\"\/>\n<\/svg>\n\t\t\t\t<\/div>\n\t\t\t\t<div class=\"elementor-element elementor-element-c18acb3 elementor-absolute elementor-hidden-tablet elementor-hidden-mobile elementor-widget elementor-widget-html\" data-id=\"c18acb3\" data-element_type=\"widget\" data-settings=\"{&quot;_position&quot;:&quot;absolute&quot;,&quot;motion_fx_motion_fx_scrolling&quot;:&quot;yes&quot;,&quot;motion_fx_translateY_effect&quot;:&quot;yes&quot;,&quot;motion_fx_translateY_direction&quot;:&quot;negative&quot;,&quot;motion_fx_translateY_speed&quot;:{&quot;unit&quot;:&quot;px&quot;,&quot;size&quot;:2.9,&quot;sizes&quot;:[]},&quot;motion_fx_translateY_affectedRange&quot;:{&quot;unit&quot;:&quot;%&quot;,&quot;size&quot;:&quot;&quot;,&quot;sizes&quot;:{&quot;start&quot;:0,&quot;end&quot;:100}},&quot;motion_fx_devices&quot;:[&quot;desktop&quot;,&quot;tablet&quot;,&quot;mobile&quot;]}\" data-widget_type=\"html.default\">\n\t\t\t\t\t<svg width=\"204\" height=\"555\" viewBox=\"0 0 204 555\" fill=\"none\" xmlns=\"http:\/\/www.w3.org\/2000\/svg\">\n<circle cx=\"-73.5\" cy=\"277.5\" r=\"276.5\" stroke=\"url(#paint0_linear_446_2851)\" stroke-width=\"2\"\/>\n<defs>\n<linearGradient id=\"paint0_linear_446_2851\" x1=\"-73.5\" y1=\"0\" x2=\"-73.5\" y2=\"555\" gradientUnits=\"userSpaceOnUse\">\n<stop stop-color=\"#F92324\"\/>\n<stop offset=\"1\" stop-color=\"#FF017E\"\/>\n<\/linearGradient>\n<\/defs>\n<\/svg>\n\t\t\t\t<\/div>\n\t\t\t\t\t<\/div>\n\t\t\t\t<\/div>\n\t\t<div data-particle_enable=\"false\" data-particle-mobile-disabled=\"false\" class=\"elementor-element elementor-element-3f17253 e-flex e-con-boxed e-con e-parent\" data-id=\"3f17253\" data-element_type=\"container\">\n\t\t\t\t\t<div class=\"e-con-inner\">\n\t\t\t\t<div class=\"elementor-element elementor-element-957d9d0 elementor-widget elementor-widget-heading\" data-id=\"957d9d0\" data-element_type=\"widget\" data-widget_type=\"heading.default\">\n\t\t\t\t\t<h2 class=\"elementor-heading-title elementor-size-default\">Destinatarios<\/h2>\t\t\t\t<\/div>\n\t\t\t\t<div class=\"elementor-element elementor-element-d58be6f elementor-widget elementor-widget-text-editor\" data-id=\"d58be6f\" data-element_type=\"widget\" data-widget_type=\"text-editor.default\">\n\t\t\t\t\t\t\t\t\t<div class=\"edrd-text-body__section\"><div class=\"edrd-text-body__text\"><div class=\"edrd-text-body__section\"><div class=\"edrd-text-body__text\"><div class=\"edrd-text-body__section\"><div class=\"edrd-text-body__text\"><div class=\"edrd-text-body__section\"><div class=\"edrd-text-body__text\"><div class=\"edrd-text-body__section\"><div class=\"edrd-text-body__text\"><div class=\"edrd-text-body__section\"><div class=\"edrd-text-body__text\">No se ceder\u00e1n datos a terceros, salvo obligaci\u00f3n legal.<\/div><\/div><\/div><\/div><\/div><\/div><\/div><\/div><\/div><\/div><\/div><\/div>\t\t\t\t\t\t\t\t<\/div>\n\t\t\t\t\t<\/div>\n\t\t\t\t<\/div>\n\t\t<div data-particle_enable=\"false\" data-particle-mobile-disabled=\"false\" class=\"elementor-element elementor-element-85b28a5 e-flex e-con-boxed e-con e-parent\" data-id=\"85b28a5\" data-element_type=\"container\">\n\t\t\t\t\t<div class=\"e-con-inner\">\n\t\t\t\t<div class=\"elementor-element elementor-element-77b8ad1 elementor-widget elementor-widget-heading\" data-id=\"77b8ad1\" data-element_type=\"widget\" data-widget_type=\"heading.default\">\n\t\t\t\t\t<h2 class=\"elementor-heading-title elementor-size-default\">Derechos<\/h2>\t\t\t\t<\/div>\n\t\t\t\t<div class=\"elementor-element elementor-element-7915bf1 elementor-widget elementor-widget-text-editor\" data-id=\"7915bf1\" data-element_type=\"widget\" data-widget_type=\"text-editor.default\">\n\t\t\t\t\t\t\t\t\t<div class=\"edrd-text-body__section\"><div class=\"edrd-text-body__text\"><div class=\"edrd-text-body__section\"><div class=\"edrd-text-body__text\"><div class=\"edrd-text-body__section\"><div class=\"edrd-text-body__text\"><div class=\"edrd-text-body__section\"><div class=\"edrd-text-body__text\"><div class=\"edrd-text-body__section\"><div class=\"edrd-text-body__text\"><div class=\"edrd-text-body__section\"><div class=\"edrd-text-body__text\"><div class=\"edrd-text-body__section\"><div class=\"edrd-text-body__text\">Acceder, rectificar y suprimir los datos, as\u00ed como otros derechos, como se explica en la informaci\u00f3n adicional.<\/div><\/div><\/div><\/div><\/div><\/div><\/div><\/div><\/div><\/div><\/div><\/div><\/div><\/div>\t\t\t\t\t\t\t\t<\/div>\n\t\t\t\t\t<\/div>\n\t\t\t\t<\/div>\n\t\t\t\t<\/div>\n\t\t","protected":false},"excerpt":{"rendered":"<p>Informaci\u00f3n b\u00e1sica de protecci\u00f3n de datos Responsable Edenred Espa\u00f1a, S.A. Delegado de protecci\u00f3n de datos dpo.spain@edenred.com Finalidad Atender sus consultas y, en su caso, Remisi\u00f3n de comunicaciones comerciales si as\u00ed lo ha autorizado con la correspondiente acci\u00f3n afirmativa Legitimaci\u00f3n Consentimiento prestado libremente Destinatarios No se ceder\u00e1n datos a terceros, salvo obligaci\u00f3n legal. Derechos Acceder, rectificar [&hellip;]<\/p>\n","protected":false},"author":1,"featured_media":0,"parent":0,"menu_order":0,"comment_status":"closed","ping_status":"closed","template":"","meta":{"_acf_changed":false,"footnotes":""},"class_list":["post-4848","page","type-page","status-publish","hentry"],"acf":[],"yoast_head":"<!-- This site is optimized with the Yoast SEO plugin v26.8 - https:\/\/yoast.com\/product\/yoast-seo-wordpress\/ -->\n<title>Privacidad - Edenred<\/title>\n<meta name=\"robots\" content=\"index, follow, max-snippet:-1, max-image-preview:large, max-video-preview:-1\" \/>\n<link rel=\"canonical\" href=\"https:\/\/www.edenred.es\/en\/privacidad\/\" \/>\n<meta property=\"og:locale\" content=\"en_GB\" \/>\n<meta property=\"og:type\" content=\"article\" \/>\n<meta property=\"og:title\" content=\"Privacidad - Edenred\" \/>\n<meta property=\"og:description\" content=\"Informaci\u00f3n b\u00e1sica de protecci\u00f3n de datos Responsable Edenred Espa\u00f1a, S.A. Delegado de protecci\u00f3n de datos dpo.spain@edenred.com Finalidad Atender sus consultas y, en su caso, Remisi\u00f3n de comunicaciones comerciales si as\u00ed lo ha autorizado con la correspondiente acci\u00f3n afirmativa Legitimaci\u00f3n Consentimiento prestado libremente Destinatarios No se ceder\u00e1n datos a terceros, salvo obligaci\u00f3n legal. Derechos Acceder, rectificar [&hellip;]\" \/>\n<meta property=\"og:url\" content=\"https:\/\/www.edenred.es\/en\/privacidad\/\" \/>\n<meta property=\"og:site_name\" content=\"Edenred Espa\u00f1a\" \/>\n<meta property=\"article:modified_time\" content=\"2023-09-20T09:25:17+00:00\" \/>\n<meta name=\"twitter:card\" content=\"summary_large_image\" \/>\n<meta name=\"twitter:label1\" content=\"Estimated reading time\" \/>\n\t<meta name=\"twitter:data1\" content=\"1 minute\" \/>\n<script type=\"application\/ld+json\" class=\"yoast-schema-graph\">{\"@context\":\"https:\/\/schema.org\",\"@graph\":[{\"@type\":\"WebPage\",\"@id\":\"https:\/\/www.edenred.es\/privacidad\/\",\"url\":\"https:\/\/www.edenred.es\/privacidad\/\",\"name\":\"Privacidad - Edenred\",\"isPartOf\":{\"@id\":\"https:\/\/www.edenred.es\/#website\"},\"datePublished\":\"2023-05-18T12:34:46+00:00\",\"dateModified\":\"2023-09-20T09:25:17+00:00\",\"breadcrumb\":{\"@id\":\"https:\/\/www.edenred.es\/privacidad\/#breadcrumb\"},\"inLanguage\":\"en-GB\",\"potentialAction\":[{\"@type\":\"ReadAction\",\"target\":[\"https:\/\/www.edenred.es\/privacidad\/\"]}]},{\"@type\":\"BreadcrumbList\",\"@id\":\"https:\/\/www.edenred.es\/privacidad\/#breadcrumb\",\"itemListElement\":[{\"@type\":\"ListItem\",\"position\":1,\"name\":\"Portada\",\"item\":\"https:\/\/www.edenred.es\/\"},{\"@type\":\"ListItem\",\"position\":2,\"name\":\"Privacidad\"}]},{\"@type\":\"WebSite\",\"@id\":\"https:\/\/www.edenred.es\/#website\",\"url\":\"https:\/\/www.edenred.es\/\",\"name\":\"Edenred Espa\u00f1a\",\"description\":\"\",\"publisher\":{\"@id\":\"https:\/\/www.edenred.es\/#organization\"},\"potentialAction\":[{\"@type\":\"SearchAction\",\"target\":{\"@type\":\"EntryPoint\",\"urlTemplate\":\"https:\/\/www.edenred.es\/?s={search_term_string}\"},\"query-input\":{\"@type\":\"PropertyValueSpecification\",\"valueRequired\":true,\"valueName\":\"search_term_string\"}}],\"inLanguage\":\"en-GB\"},{\"@type\":\"Organization\",\"@id\":\"https:\/\/www.edenred.es\/#organization\",\"name\":\"Edenred Espa\u00f1a\",\"url\":\"https:\/\/www.edenred.es\/\",\"logo\":{\"@type\":\"ImageObject\",\"inLanguage\":\"en-GB\",\"@id\":\"https:\/\/www.edenred.es\/#\/schema\/logo\/image\/\",\"url\":\"https:\/\/www.edenred.es\/wp-content\/uploads\/2023\/02\/logo-edenred.svg\",\"contentUrl\":\"https:\/\/www.edenred.es\/wp-content\/uploads\/2023\/02\/logo-edenred.svg\",\"width\":413,\"height\":265,\"caption\":\"Edenred Espa\u00f1a\"},\"image\":{\"@id\":\"https:\/\/www.edenred.es\/#\/schema\/logo\/image\/\"}}]}<\/script>\n<!-- \/ Yoast SEO plugin. -->","yoast_head_json":{"title":"Privacy - Edenred","robots":{"index":"index","follow":"follow","max-snippet":"max-snippet:-1","max-image-preview":"max-image-preview:large","max-video-preview":"max-video-preview:-1"},"canonical":"https:\/\/www.edenred.es\/en\/privacidad\/","og_locale":"en_GB","og_type":"article","og_title":"Privacidad - Edenred","og_description":"Informaci\u00f3n b\u00e1sica de protecci\u00f3n de datos Responsable Edenred Espa\u00f1a, S.A. Delegado de protecci\u00f3n de datos dpo.spain@edenred.com Finalidad Atender sus consultas y, en su caso, Remisi\u00f3n de comunicaciones comerciales si as\u00ed lo ha autorizado con la correspondiente acci\u00f3n afirmativa Legitimaci\u00f3n Consentimiento prestado libremente Destinatarios No se ceder\u00e1n datos a terceros, salvo obligaci\u00f3n legal. Derechos Acceder, rectificar [&hellip;]","og_url":"https:\/\/www.edenred.es\/en\/privacidad\/","og_site_name":"Edenred Espa\u00f1a","article_modified_time":"2023-09-20T09:25:17+00:00","twitter_card":"summary_large_image","twitter_misc":{"Estimated reading time":"1 minute"},"schema":{"@context":"https:\/\/schema.org","@graph":[{"@type":"WebPage","@id":"https:\/\/www.edenred.es\/privacidad\/","url":"https:\/\/www.edenred.es\/privacidad\/","name":"Privacy - Edenred","isPartOf":{"@id":"https:\/\/www.edenred.es\/#website"},"datePublished":"2023-05-18T12:34:46+00:00","dateModified":"2023-09-20T09:25:17+00:00","breadcrumb":{"@id":"https:\/\/www.edenred.es\/privacidad\/#breadcrumb"},"inLanguage":"en-GB","potentialAction":[{"@type":"ReadAction","target":["https:\/\/www.edenred.es\/privacidad\/"]}]},{"@type":"BreadcrumbList","@id":"https:\/\/www.edenred.es\/privacidad\/#breadcrumb","itemListElement":[{"@type":"ListItem","position":1,"name":"Portada","item":"https:\/\/www.edenred.es\/"},{"@type":"ListItem","position":2,"name":"Privacidad"}]},{"@type":"WebSite","@id":"https:\/\/www.edenred.es\/#website","url":"https:\/\/www.edenred.es\/","name":"Edenred Spain","description":"","publisher":{"@id":"https:\/\/www.edenred.es\/#organization"},"potentialAction":[{"@type":"SearchAction","target":{"@type":"EntryPoint","urlTemplate":"https:\/\/www.edenred.es\/?s={search_term_string}"},"query-input":{"@type":"PropertyValueSpecification","valueRequired":true,"valueName":"search_term_string"}}],"inLanguage":"en-GB"},{"@type":"Organization","@id":"https:\/\/www.edenred.es\/#organization","name":"Edenred Spain","url":"https:\/\/www.edenred.es\/","logo":{"@type":"ImageObject","inLanguage":"en-GB","@id":"https:\/\/www.edenred.es\/#\/schema\/logo\/image\/","url":"https:\/\/www.edenred.es\/wp-content\/uploads\/2023\/02\/logo-edenred.svg","contentUrl":"https:\/\/www.edenred.es\/wp-content\/uploads\/2023\/02\/logo-edenred.svg","width":413,"height":265,"caption":"Edenred Espa\u00f1a"},"image":{"@id":"https:\/\/www.edenred.es\/#\/schema\/logo\/image\/"}}]}},"_links":{"self":[{"href":"https:\/\/www.edenred.es\/en\/wp-json\/wp\/v2\/pages\/4848","targetHints":{"allow":["GET"]}}],"collection":[{"href":"https:\/\/www.edenred.es\/en\/wp-json\/wp\/v2\/pages"}],"about":[{"href":"https:\/\/www.edenred.es\/en\/wp-json\/wp\/v2\/types\/page"}],"author":[{"embeddable":true,"href":"https:\/\/www.edenred.es\/en\/wp-json\/wp\/v2\/users\/1"}],"replies":[{"embeddable":true,"href":"https:\/\/www.edenred.es\/en\/wp-json\/wp\/v2\/comments?post=4848"}],"version-history":[{"count":0,"href":"https:\/\/www.edenred.es\/en\/wp-json\/wp\/v2\/pages\/4848\/revisions"}],"wp:attachment":[{"href":"https:\/\/www.edenred.es\/en\/wp-json\/wp\/v2\/media?parent=4848"}],"curies":[{"name":"wp","href":"https:\/\/api.w.org\/{rel}","templated":true}]}}