{"id":44667,"date":"2025-12-03T17:27:00","date_gmt":"2025-12-03T16:27:00","guid":{"rendered":"https:\/\/www.edenred.es\/?page_id=44667"},"modified":"2026-01-12T13:11:14","modified_gmt":"2026-01-12T12:11:14","slug":"ebook-como-puede-adaptarse-tu-empresa-a-la-nueva-ley-de-movilidad-sostenible","status":"publish","type":"page","link":"https:\/\/www.edenred.es\/en\/ebook-como-puede-adaptarse-tu-empresa-a-la-nueva-ley-de-movilidad-sostenible\/","title":{"rendered":"Ebook - How can your company adapt to the new Sustainable Mobility Law?"},"content":{"rendered":"\t\t<div data-elementor-type=\"wp-page\" data-elementor-id=\"44667\" class=\"elementor elementor-44667\" data-elementor-post-type=\"page\">\n\t\t\t\t<div data-particle_enable=\"false\" data-particle-mobile-disabled=\"false\" class=\"elementor-element elementor-element-4195ada e-flex e-con-boxed e-con e-parent\" data-id=\"4195ada\" data-element_type=\"container\">\n\t\t\t\t\t<div class=\"e-con-inner\">\n\t\t<div data-particle_enable=\"false\" data-particle-mobile-disabled=\"false\" class=\"elementor-element elementor-element-4e6cb630 e-con-full e-flex e-con e-child\" data-id=\"4e6cb630\" data-element_type=\"container\">\n\t\t\t\t<div class=\"elementor-element elementor-element-25394879 elementor-widget elementor-widget-theme-site-logo elementor-widget-image\" data-id=\"25394879\" data-element_type=\"widget\" data-widget_type=\"theme-site-logo.default\">\n\t\t\t\t\t\t\t\t\t\t\t<a href=\"https:\/\/www.edenred.es\/en\">\n\t\t\t<img fetchpriority=\"high\" decoding=\"async\" width=\"413\" height=\"265\" src=\"https:\/\/www.edenred.es\/wp-content\/uploads\/2023\/02\/logo-edenred.svg\" class=\"attachment-full size-full wp-image-1172\" alt=\"\" \/>\t\t\t\t<\/a>\n\t\t\t\t\t\t\t\t\t\t\t<\/div>\n\t\t\t\t<\/div>\n\t\t\t\t\t<\/div>\n\t\t\t\t<\/div>\n\t\t<div data-particle_enable=\"false\" data-particle-mobile-disabled=\"false\" class=\"elementor-element elementor-element-2fc48c09 e-con-full e-flex e-con e-parent\" data-id=\"2fc48c09\" data-element_type=\"container\" data-settings=\"{&quot;background_background&quot;:&quot;gradient&quot;}\">\n\t\t<div data-particle_enable=\"false\" data-particle-mobile-disabled=\"false\" class=\"elementor-element elementor-element-1ea799eb e-con-full e-flex e-con e-child\" data-id=\"1ea799eb\" data-element_type=\"container\" data-settings=\"{&quot;background_background&quot;:&quot;classic&quot;}\">\n\t\t<div data-particle_enable=\"false\" data-particle-mobile-disabled=\"false\" class=\"elementor-element elementor-element-662e7b34 e-flex e-con-boxed e-con e-child\" data-id=\"662e7b34\" data-element_type=\"container\">\n\t\t\t\t\t<div class=\"e-con-inner\">\n\t\t<div data-particle_enable=\"false\" data-particle-mobile-disabled=\"false\" class=\"elementor-element elementor-element-3c450cef e-flex e-con-boxed e-con e-child\" data-id=\"3c450cef\" data-element_type=\"container\">\n\t\t\t\t\t<div class=\"e-con-inner\">\n\t\t<div data-particle_enable=\"false\" data-particle-mobile-disabled=\"false\" class=\"elementor-element elementor-element-7acf58de e-con-full e-flex e-con e-child\" data-id=\"7acf58de\" data-element_type=\"container\">\n\t\t\t\t<div class=\"elementor-element elementor-element-1a7a61f1 second-level-title landing elementor-widget elementor-widget-heading\" data-id=\"1a7a61f1\" data-element_type=\"widget\" data-widget_type=\"heading.default\">\n\t\t\t\t\t<h2 class=\"elementor-heading-title elementor-size-default\">eBook: \u00bfC\u00f3mo puede adaptarse tu empresa a la nueva ley de movilidad sostenible?<\/h2>\t\t\t\t<\/div>\n\t\t\t\t<div class=\"elementor-element elementor-element-6f520e42 elementor-widget elementor-widget-text-editor\" data-id=\"6f520e42\" data-element_type=\"widget\" data-widget_type=\"text-editor.default\">\n\t\t\t\t\t\t\t\t\t<p>Descubre c\u00f3mo la <strong>nueva Ley de Movilidad Sostenible<\/strong> transforma el futuro del transporte en Espa\u00f1a hacia un modelo m\u00e1s <strong>ecol\u00f3gico, eficiente y accesible<\/strong>. Este ebook te ofrece una visi\u00f3n completa de la normativa y de las oportunidades que abre para las empresas.<\/p><p>\ud83c\udf31 Lo que encontrar\u00e1s en esta gu\u00eda:<\/p><ul><li><strong>Claves de la normativa<\/strong>: c\u00f3mo se priorizan los modos de transporte sostenible (caminar, bicicleta, transporte p\u00fablico) y la apuesta por la movilidad digital para reducir emisiones.<\/li><li><strong>Planes de Movilidad Sostenible<\/strong>: qu\u00e9 son, qui\u00e9n debe implementarlos y c\u00f3mo cumplir con la obligaci\u00f3n legal.<\/li><li><strong>Beneficios para las empresas<\/strong>: reducci\u00f3n del impacto ambiental, mejora de la movilidad interna y alineaci\u00f3n con los objetivos clim\u00e1ticos.<\/li><li><strong>Soluciones tecnol\u00f3gicas con Edenred Movilidad<\/strong>: herramientas para optimizar recursos y facilitar el cumplimiento de la ley.<\/li><\/ul><p><\/p>\t\t\t\t\t\t\t\t<\/div>\n\t\t\t\t<\/div>\n\t\t<div data-particle_enable=\"false\" data-particle-mobile-disabled=\"false\" class=\"elementor-element elementor-element-9719745 download-form e-flex e-con-boxed e-con e-child\" data-id=\"9719745\" data-element_type=\"container\" data-settings=\"{&quot;background_background&quot;:&quot;classic&quot;,&quot;position&quot;:&quot;absolute&quot;}\">\n\t\t\t\t\t<div class=\"e-con-inner\">\n\t\t\t\t<div class=\"elementor-element elementor-element-11a414b9 third-level-title elementor-widget elementor-widget-heading\" data-id=\"11a414b9\" data-element_type=\"widget\" data-widget_type=\"heading.default\">\n\t\t\t\t\t<p class=\"elementor-heading-title elementor-size-default\">Descarga el eBook<\/p>\t\t\t\t<\/div>\n\t\t\t\t<div class=\"elementor-element elementor-element-3ac22c0c text-separator generic elementor-widget elementor-widget-text-editor\" data-id=\"3ac22c0c\" data-element_type=\"widget\" data-widget_type=\"text-editor.default\">\n\t\t\t\t\t\t\t\t\t<p>D\u00e9janos tus datos y te enviaremos el eBook.<\/p>\t\t\t\t\t\t\t\t<\/div>\n\t\t\t\t<div class=\"elementor-element elementor-element-14d07816 elementor-widget elementor-widget-html\" data-id=\"14d07816\" data-element_type=\"widget\" data-widget_type=\"html.default\">\n\t\t\t\t\t<script charset=\"utf-8\" type=\"text\/javascript\" src=\"\/\/js-eu1.hsforms.net\/forms\/embed\/v2.js\"><\/script>\r\n\r\n<script>\r\n\r\nhbspt.forms.create({\r\n\r\nregion: \"eu1\",\r\n\r\nportalId: \"143937989\",\r\n\r\nformId: \"57c1d8ac-a037-4502-8114-cdaf3e0633cb\"\r\n});\r\n\r\n<\/script>\t\t\t\t<\/div>\n\t\t\t\t\t<\/div>\n\t\t\t\t<\/div>\n\t\t\t\t\t<\/div>\n\t\t\t\t<\/div>\n\t\t\t\t\t<\/div>\n\t\t\t\t<\/div>\n\t\t\t\t<\/div>\n\t\t\t\t<div class=\"elementor-element elementor-element-46a39c5e elementor-absolute elementor-hidden-tablet elementor-hidden-mobile elementor-widget elementor-widget-html\" data-id=\"46a39c5e\" data-element_type=\"widget\" data-settings=\"{&quot;_position&quot;:&quot;absolute&quot;,&quot;motion_fx_motion_fx_scrolling&quot;:&quot;yes&quot;,&quot;motion_fx_translateY_effect&quot;:&quot;yes&quot;,&quot;motion_fx_translateY_speed&quot;:{&quot;unit&quot;:&quot;px&quot;,&quot;size&quot;:4,&quot;sizes&quot;:[]},&quot;motion_fx_translateY_affectedRange&quot;:{&quot;unit&quot;:&quot;%&quot;,&quot;size&quot;:&quot;&quot;,&quot;sizes&quot;:{&quot;start&quot;:0,&quot;end&quot;:100}},&quot;motion_fx_devices&quot;:[&quot;desktop&quot;,&quot;tablet&quot;,&quot;mobile&quot;]}\" data-widget_type=\"html.default\">\n\t\t\t\t\t<svg width=\"200\" height=\"387\" viewBox=\"0 0 200 387\" fill=\"none\" xmlns=\"http:\/\/www.w3.org\/2000\/svg\">\n<rect x=\"-39.5858\" y=\"285.081\" width=\"459.149\" height=\"199.894\" rx=\"99.9471\" transform=\"rotate(-45 -39.5858 285.081)\" stroke=\"white\" stroke-width=\"2\"\/>\n<\/svg>\n\t\t\t\t<\/div>\n\t\t\t\t<div class=\"elementor-element elementor-element-4e630c4e elementor-absolute elementor-hidden-tablet elementor-hidden-mobile elementor-widget elementor-widget-html\" data-id=\"4e630c4e\" data-element_type=\"widget\" data-settings=\"{&quot;_position&quot;:&quot;absolute&quot;,&quot;motion_fx_motion_fx_scrolling&quot;:&quot;yes&quot;,&quot;motion_fx_translateY_effect&quot;:&quot;yes&quot;,&quot;motion_fx_translateY_speed&quot;:{&quot;unit&quot;:&quot;px&quot;,&quot;size&quot;:6,&quot;sizes&quot;:[]},&quot;motion_fx_translateY_affectedRange&quot;:{&quot;unit&quot;:&quot;%&quot;,&quot;size&quot;:&quot;&quot;,&quot;sizes&quot;:{&quot;start&quot;:0,&quot;end&quot;:100}},&quot;motion_fx_devices&quot;:[&quot;desktop&quot;,&quot;tablet&quot;,&quot;mobile&quot;]}\" data-widget_type=\"html.default\">\n\t\t\t\t\t<svg width=\"114\" height=\"114\" viewBox=\"0 0 114 114\" fill=\"none\" xmlns=\"http:\/\/www.w3.org\/2000\/svg\">\n<circle opacity=\"0.3\" cx=\"57\" cy=\"57\" r=\"57\" fill=\"white\"\/>\n<\/svg>\n\t\t\t\t<\/div>\n\t\t<div data-particle_enable=\"false\" data-particle-mobile-disabled=\"false\" class=\"elementor-element elementor-element-53349006 e-flex e-con-boxed e-con e-child\" data-id=\"53349006\" data-element_type=\"container\">\n\t\t\t\t\t<div class=\"e-con-inner\">\n\t\t<div data-particle_enable=\"false\" data-particle-mobile-disabled=\"false\" class=\"elementor-element elementor-element-57a52100 e-con-full e-flex e-con e-child\" data-id=\"57a52100\" data-element_type=\"container\">\n\t\t<div data-particle_enable=\"false\" data-particle-mobile-disabled=\"false\" class=\"elementor-element elementor-element-69bf5629 slide-swiper1 hide-on-mobile e-flex e-con-boxed e-con e-child\" data-id=\"69bf5629\" data-element_type=\"container\">\n\t\t\t\t\t<div class=\"e-con-inner\">\n\t\t<div data-particle_enable=\"false\" data-particle-mobile-disabled=\"false\" class=\"elementor-element elementor-element-1f68ecc8 e-con-full e-flex e-con e-child\" data-id=\"1f68ecc8\" data-element_type=\"container\">\n\t\t\t\t<div class=\"elementor-element elementor-element-2ddb43ec elementor-widget elementor-widget-text-editor\" data-id=\"2ddb43ec\" data-element_type=\"widget\" data-widget_type=\"text-editor.default\">\n\t\t\t\t\t\t\t\t\t<p><\/p><p>\ud83d\ude80 \u00bfPor qu\u00e9 descargarlo?<\/p><p>Este ebook es una gu\u00eda imprescindible para responsables de RRHH, sostenibilidad y movilidad corporativa que buscan <strong>anticiparse a la normativa<\/strong>, fomentar desplazamientos m\u00e1s seguros y aprovechar las ventajas de una movilidad inteligente.<\/p><p>\ud83d\udc49 Desc\u00e1rgalo ahora y convierte la movilidad sostenible en una oportunidad para tu empresa.<\/p><p><\/p>\t\t\t\t\t\t\t\t<\/div>\n\t\t\t\t<\/div>\n\t\t\t\t\t<\/div>\n\t\t\t\t<\/div>\n\t\t\t\t<\/div>\n\t\t<div data-particle_enable=\"false\" data-particle-mobile-disabled=\"false\" class=\"elementor-element elementor-element-3d3c635f elementor-hidden-tablet elementor-hidden-mobile e-flex e-con-boxed e-con e-child\" data-id=\"3d3c635f\" data-element_type=\"container\">\n\t\t\t\t\t<div class=\"e-con-inner\">\n\t\t\t\t\t<\/div>\n\t\t\t\t<\/div>\n\t\t\t\t\t<\/div>\n\t\t\t\t<\/div>\n\t\t<div data-particle_enable=\"false\" data-particle-mobile-disabled=\"false\" class=\"elementor-element elementor-element-1e618ec2 e-con-full e-flex e-con e-child\" data-id=\"1e618ec2\" data-element_type=\"container\">\n\t\t\t\t<\/div>\n\t\t<div data-particle_enable=\"false\" data-particle-mobile-disabled=\"false\" class=\"elementor-element elementor-element-26f33d2f e-con-full e-flex e-con e-child\" data-id=\"26f33d2f\" data-element_type=\"container\">\n\t\t\t\t<\/div>\n\t\t\t\t<\/div>\n\t\t\t\t<\/div>\n\t\t","protected":false},"excerpt":{"rendered":"<p>eBook: \u00bfC\u00f3mo puede adaptarse tu empresa a la nueva ley de movilidad sostenible? Descubre c\u00f3mo la nueva Ley de Movilidad Sostenible transforma el futuro del transporte en Espa\u00f1a hacia un modelo m\u00e1s ecol\u00f3gico, eficiente y accesible. Este ebook te ofrece una visi\u00f3n completa de la normativa y de las oportunidades que abre para las empresas. [&hellip;]<\/p>\n","protected":false},"author":1,"featured_media":0,"parent":0,"menu_order":0,"comment_status":"closed","ping_status":"closed","template":"","meta":{"_acf_changed":false,"footnotes":""},"class_list":["post-44667","page","type-page","status-publish","hentry"],"acf":[],"yoast_head":"<!-- This site is optimized with the Yoast SEO plugin v26.8 - https:\/\/yoast.com\/product\/yoast-seo-wordpress\/ -->\n<title>Ebook \u2013 \u00bfC\u00f3mo puede adaptarse tu empresa a la nueva Ley de Movilidad Sostenible? - Edenred<\/title>\n<meta name=\"robots\" content=\"index, follow, max-snippet:-1, max-image-preview:large, max-video-preview:-1\" \/>\n<link rel=\"canonical\" href=\"https:\/\/www.edenred.es\/en\/ebook-como-puede-adaptarse-tu-empresa-a-la-nueva-ley-de-movilidad-sostenible\/\" \/>\n<meta property=\"og:locale\" content=\"en_GB\" \/>\n<meta property=\"og:type\" content=\"article\" \/>\n<meta property=\"og:title\" content=\"Ebook \u2013 \u00bfC\u00f3mo puede adaptarse tu empresa a la nueva Ley de Movilidad Sostenible? - Edenred\" \/>\n<meta property=\"og:description\" content=\"eBook: \u00bfC\u00f3mo puede adaptarse tu empresa a la nueva ley de movilidad sostenible? Descubre c\u00f3mo la nueva Ley de Movilidad Sostenible transforma el futuro del transporte en Espa\u00f1a hacia un modelo m\u00e1s ecol\u00f3gico, eficiente y accesible. Este ebook te ofrece una visi\u00f3n completa de la normativa y de las oportunidades que abre para las empresas. [&hellip;]\" \/>\n<meta property=\"og:url\" content=\"https:\/\/www.preprod.edenred.es\/ebook-como-puede-adaptarse-tu-empresa-a-la-nueva-ley-de-movilidad-sostenible\/\" \/>\n<meta property=\"og:site_name\" content=\"Edenred Espa\u00f1a\" \/>\n<meta property=\"article:modified_time\" content=\"2026-01-12T12:11:14+00:00\" \/>\n<meta name=\"twitter:card\" content=\"summary_large_image\" \/>\n<meta name=\"twitter:label1\" content=\"Estimated reading time\" \/>\n\t<meta name=\"twitter:data1\" content=\"1 minute\" \/>\n<script type=\"application\/ld+json\" class=\"yoast-schema-graph\">{\"@context\":\"https:\/\/schema.org\",\"@graph\":[{\"@type\":\"WebPage\",\"@id\":\"https:\/\/www.preprod.edenred.es\/ebook-como-puede-adaptarse-tu-empresa-a-la-nueva-ley-de-movilidad-sostenible\/\",\"url\":\"https:\/\/www.preprod.edenred.es\/ebook-como-puede-adaptarse-tu-empresa-a-la-nueva-ley-de-movilidad-sostenible\/\",\"name\":\"Ebook \u2013 \u00bfC\u00f3mo puede adaptarse tu empresa a la nueva Ley de Movilidad Sostenible? - Edenred\",\"isPartOf\":{\"@id\":\"https:\/\/www.edenred.es\/#website\"},\"datePublished\":\"2025-12-03T16:27:00+00:00\",\"dateModified\":\"2026-01-12T12:11:14+00:00\",\"breadcrumb\":{\"@id\":\"https:\/\/www.preprod.edenred.es\/ebook-como-puede-adaptarse-tu-empresa-a-la-nueva-ley-de-movilidad-sostenible\/#breadcrumb\"},\"inLanguage\":\"en-GB\",\"potentialAction\":[{\"@type\":\"ReadAction\",\"target\":[\"https:\/\/www.preprod.edenred.es\/ebook-como-puede-adaptarse-tu-empresa-a-la-nueva-ley-de-movilidad-sostenible\/\"]}]},{\"@type\":\"BreadcrumbList\",\"@id\":\"https:\/\/www.preprod.edenred.es\/ebook-como-puede-adaptarse-tu-empresa-a-la-nueva-ley-de-movilidad-sostenible\/#breadcrumb\",\"itemListElement\":[{\"@type\":\"ListItem\",\"position\":1,\"name\":\"Portada\",\"item\":\"https:\/\/www.edenred.es\/\"},{\"@type\":\"ListItem\",\"position\":2,\"name\":\"Ebook \u2013 \u00bfC\u00f3mo puede adaptarse tu empresa a la nueva Ley de Movilidad Sostenible?\"}]},{\"@type\":\"WebSite\",\"@id\":\"https:\/\/www.edenred.es\/#website\",\"url\":\"https:\/\/www.edenred.es\/\",\"name\":\"Edenred Espa\u00f1a\",\"description\":\"\",\"publisher\":{\"@id\":\"https:\/\/www.edenred.es\/#organization\"},\"potentialAction\":[{\"@type\":\"SearchAction\",\"target\":{\"@type\":\"EntryPoint\",\"urlTemplate\":\"https:\/\/www.edenred.es\/?s={search_term_string}\"},\"query-input\":{\"@type\":\"PropertyValueSpecification\",\"valueRequired\":true,\"valueName\":\"search_term_string\"}}],\"inLanguage\":\"en-GB\"},{\"@type\":\"Organization\",\"@id\":\"https:\/\/www.edenred.es\/#organization\",\"name\":\"Edenred Espa\u00f1a\",\"url\":\"https:\/\/www.edenred.es\/\",\"logo\":{\"@type\":\"ImageObject\",\"inLanguage\":\"en-GB\",\"@id\":\"https:\/\/www.edenred.es\/#\/schema\/logo\/image\/\",\"url\":\"https:\/\/www.edenred.es\/wp-content\/uploads\/2023\/02\/logo-edenred.svg\",\"contentUrl\":\"https:\/\/www.edenred.es\/wp-content\/uploads\/2023\/02\/logo-edenred.svg\",\"width\":413,\"height\":265,\"caption\":\"Edenred Espa\u00f1a\"},\"image\":{\"@id\":\"https:\/\/www.edenred.es\/#\/schema\/logo\/image\/\"}}]}<\/script>\n<!-- \/ Yoast SEO plugin. -->","yoast_head_json":{"title":"Ebook - How can your company adapt to the new Sustainable Mobility Law? - Edenred","robots":{"index":"index","follow":"follow","max-snippet":"max-snippet:-1","max-image-preview":"max-image-preview:large","max-video-preview":"max-video-preview:-1"},"canonical":"https:\/\/www.edenred.es\/en\/ebook-como-puede-adaptarse-tu-empresa-a-la-nueva-ley-de-movilidad-sostenible\/","og_locale":"en_GB","og_type":"article","og_title":"Ebook \u2013 \u00bfC\u00f3mo puede adaptarse tu empresa a la nueva Ley de Movilidad Sostenible? - Edenred","og_description":"eBook: \u00bfC\u00f3mo puede adaptarse tu empresa a la nueva ley de movilidad sostenible? Descubre c\u00f3mo la nueva Ley de Movilidad Sostenible transforma el futuro del transporte en Espa\u00f1a hacia un modelo m\u00e1s ecol\u00f3gico, eficiente y accesible. Este ebook te ofrece una visi\u00f3n completa de la normativa y de las oportunidades que abre para las empresas. [&hellip;]","og_url":"https:\/\/www.preprod.edenred.es\/ebook-como-puede-adaptarse-tu-empresa-a-la-nueva-ley-de-movilidad-sostenible\/","og_site_name":"Edenred Espa\u00f1a","article_modified_time":"2026-01-12T12:11:14+00:00","twitter_card":"summary_large_image","twitter_misc":{"Estimated reading time":"1 minute"},"schema":{"@context":"https:\/\/schema.org","@graph":[{"@type":"WebPage","@id":"https:\/\/www.preprod.edenred.es\/ebook-como-puede-adaptarse-tu-empresa-a-la-nueva-ley-de-movilidad-sostenible\/","url":"https:\/\/www.preprod.edenred.es\/ebook-como-puede-adaptarse-tu-empresa-a-la-nueva-ley-de-movilidad-sostenible\/","name":"Ebook - How can your company adapt to the new Sustainable Mobility Law? - Edenred","isPartOf":{"@id":"https:\/\/www.edenred.es\/#website"},"datePublished":"2025-12-03T16:27:00+00:00","dateModified":"2026-01-12T12:11:14+00:00","breadcrumb":{"@id":"https:\/\/www.preprod.edenred.es\/ebook-como-puede-adaptarse-tu-empresa-a-la-nueva-ley-de-movilidad-sostenible\/#breadcrumb"},"inLanguage":"en-GB","potentialAction":[{"@type":"ReadAction","target":["https:\/\/www.preprod.edenred.es\/ebook-como-puede-adaptarse-tu-empresa-a-la-nueva-ley-de-movilidad-sostenible\/"]}]},{"@type":"BreadcrumbList","@id":"https:\/\/www.preprod.edenred.es\/ebook-como-puede-adaptarse-tu-empresa-a-la-nueva-ley-de-movilidad-sostenible\/#breadcrumb","itemListElement":[{"@type":"ListItem","position":1,"name":"Portada","item":"https:\/\/www.edenred.es\/"},{"@type":"ListItem","position":2,"name":"Ebook \u2013 \u00bfC\u00f3mo puede adaptarse tu empresa a la nueva Ley de Movilidad Sostenible?"}]},{"@type":"WebSite","@id":"https:\/\/www.edenred.es\/#website","url":"https:\/\/www.edenred.es\/","name":"Edenred Spain","description":"","publisher":{"@id":"https:\/\/www.edenred.es\/#organization"},"potentialAction":[{"@type":"SearchAction","target":{"@type":"EntryPoint","urlTemplate":"https:\/\/www.edenred.es\/?s={search_term_string}"},"query-input":{"@type":"PropertyValueSpecification","valueRequired":true,"valueName":"search_term_string"}}],"inLanguage":"en-GB"},{"@type":"Organization","@id":"https:\/\/www.edenred.es\/#organization","name":"Edenred Spain","url":"https:\/\/www.edenred.es\/","logo":{"@type":"ImageObject","inLanguage":"en-GB","@id":"https:\/\/www.edenred.es\/#\/schema\/logo\/image\/","url":"https:\/\/www.edenred.es\/wp-content\/uploads\/2023\/02\/logo-edenred.svg","contentUrl":"https:\/\/www.edenred.es\/wp-content\/uploads\/2023\/02\/logo-edenred.svg","width":413,"height":265,"caption":"Edenred Espa\u00f1a"},"image":{"@id":"https:\/\/www.edenred.es\/#\/schema\/logo\/image\/"}}]}},"_links":{"self":[{"href":"https:\/\/www.edenred.es\/en\/wp-json\/wp\/v2\/pages\/44667","targetHints":{"allow":["GET"]}}],"collection":[{"href":"https:\/\/www.edenred.es\/en\/wp-json\/wp\/v2\/pages"}],"about":[{"href":"https:\/\/www.edenred.es\/en\/wp-json\/wp\/v2\/types\/page"}],"author":[{"embeddable":true,"href":"https:\/\/www.edenred.es\/en\/wp-json\/wp\/v2\/users\/1"}],"replies":[{"embeddable":true,"href":"https:\/\/www.edenred.es\/en\/wp-json\/wp\/v2\/comments?post=44667"}],"version-history":[{"count":1,"href":"https:\/\/www.edenred.es\/en\/wp-json\/wp\/v2\/pages\/44667\/revisions"}],"predecessor-version":[{"id":46630,"href":"https:\/\/www.edenred.es\/en\/wp-json\/wp\/v2\/pages\/44667\/revisions\/46630"}],"wp:attachment":[{"href":"https:\/\/www.edenred.es\/en\/wp-json\/wp\/v2\/media?parent=44667"}],"curies":[{"name":"wp","href":"https:\/\/api.w.org\/{rel}","templated":true}]}}