{"id":44641,"date":"2025-12-03T12:28:00","date_gmt":"2025-12-03T11:28:00","guid":{"rendered":"https:\/\/www.edenred.es\/?page_id=44641"},"modified":"2026-01-08T11:52:43","modified_gmt":"2026-01-08T10:52:43","slug":"ebook-las-opciones-de-retribucion-flexible-mas-valoradas-en-espana","status":"publish","type":"page","link":"https:\/\/www.edenred.es\/en\/ebook-las-opciones-de-retribucion-flexible-mas-valoradas-en-espana\/","title":{"rendered":"Ebook - The most valued flexible compensation options in Spain"},"content":{"rendered":"\t\t<div data-elementor-type=\"wp-page\" data-elementor-id=\"44641\" class=\"elementor elementor-44641\" data-elementor-post-type=\"page\">\n\t\t\t\t<div data-particle_enable=\"false\" data-particle-mobile-disabled=\"false\" class=\"elementor-element elementor-element-1097db7a e-flex e-con-boxed e-con e-parent\" data-id=\"1097db7a\" data-element_type=\"container\">\n\t\t\t\t\t<div class=\"e-con-inner\">\n\t\t<div data-particle_enable=\"false\" data-particle-mobile-disabled=\"false\" class=\"elementor-element elementor-element-76de42dd e-con-full e-flex e-con e-child\" data-id=\"76de42dd\" data-element_type=\"container\">\n\t\t\t\t<div class=\"elementor-element elementor-element-290c14d3 elementor-widget elementor-widget-theme-site-logo elementor-widget-image\" data-id=\"290c14d3\" data-element_type=\"widget\" data-widget_type=\"theme-site-logo.default\">\n\t\t\t\t\t\t\t\t\t\t\t<a href=\"https:\/\/www.edenred.es\/en\">\n\t\t\t<img fetchpriority=\"high\" decoding=\"async\" width=\"413\" height=\"265\" src=\"https:\/\/www.edenred.es\/wp-content\/uploads\/2023\/02\/logo-edenred.svg\" class=\"attachment-full size-full wp-image-1172\" alt=\"\" \/>\t\t\t\t<\/a>\n\t\t\t\t\t\t\t\t\t\t\t<\/div>\n\t\t\t\t<\/div>\n\t\t\t\t\t<\/div>\n\t\t\t\t<\/div>\n\t\t<div data-particle_enable=\"false\" data-particle-mobile-disabled=\"false\" class=\"elementor-element elementor-element-761c2a96 e-con-full e-flex e-con e-parent\" data-id=\"761c2a96\" data-element_type=\"container\" data-settings=\"{&quot;background_background&quot;:&quot;gradient&quot;}\">\n\t\t<div data-particle_enable=\"false\" data-particle-mobile-disabled=\"false\" class=\"elementor-element elementor-element-74877604 e-con-full e-flex e-con e-child\" data-id=\"74877604\" data-element_type=\"container\" data-settings=\"{&quot;background_background&quot;:&quot;classic&quot;}\">\n\t\t<div data-particle_enable=\"false\" data-particle-mobile-disabled=\"false\" class=\"elementor-element elementor-element-4b7bec8 e-flex e-con-boxed e-con e-child\" data-id=\"4b7bec8\" data-element_type=\"container\">\n\t\t\t\t\t<div class=\"e-con-inner\">\n\t\t<div data-particle_enable=\"false\" data-particle-mobile-disabled=\"false\" class=\"elementor-element elementor-element-43e10787 e-flex e-con-boxed e-con e-child\" data-id=\"43e10787\" data-element_type=\"container\">\n\t\t\t\t\t<div class=\"e-con-inner\">\n\t\t<div data-particle_enable=\"false\" data-particle-mobile-disabled=\"false\" class=\"elementor-element elementor-element-3d72bd43 e-con-full e-flex e-con e-child\" data-id=\"3d72bd43\" data-element_type=\"container\">\n\t\t\t\t<div class=\"elementor-element elementor-element-5461c234 second-level-title landing elementor-widget elementor-widget-heading\" data-id=\"5461c234\" data-element_type=\"widget\" data-widget_type=\"heading.default\">\n\t\t\t\t\t<h2 class=\"elementor-heading-title elementor-size-default\">eBook: Las opciones de retribuci\u00f3n flexible m\u00e1s valoradas en Espa\u00f1a<\/h2>\t\t\t\t<\/div>\n\t\t\t\t<div class=\"elementor-element elementor-element-4c5890c3 elementor-widget elementor-widget-text-editor\" data-id=\"4c5890c3\" data-element_type=\"widget\" data-widget_type=\"text-editor.default\">\n\t\t\t\t\t\t\t\t\t<p><\/p><p>Descubre c\u00f3mo las empresas en Espa\u00f1a est\u00e1n transformando sus pol\u00edticas de compensaci\u00f3n con las opciones de <strong>retribuci\u00f3n flexible<\/strong> m\u00e1s valoradas por los equipos.\u00a0<\/p><p>En el eBook encontrar\u00e1s las <strong>claves para mejorar la satisfacci\u00f3n de tu equipo<\/strong> y potenciar la competitividad de tu organizaci\u00f3n. Descarga el documento\u00a0y da el primer paso hacia una estrategia de compensaci\u00f3n m\u00e1s moderna y efectiva.<\/p><p><\/p>\t\t\t\t\t\t\t\t<\/div>\n\t\t\t\t<\/div>\n\t\t<div data-particle_enable=\"false\" data-particle-mobile-disabled=\"false\" class=\"elementor-element elementor-element-63f5e477 download-form e-flex e-con-boxed e-con e-child\" data-id=\"63f5e477\" data-element_type=\"container\" data-settings=\"{&quot;background_background&quot;:&quot;classic&quot;,&quot;position&quot;:&quot;absolute&quot;}\">\n\t\t\t\t\t<div class=\"e-con-inner\">\n\t\t\t\t<div class=\"elementor-element elementor-element-1f620162 third-level-title elementor-widget elementor-widget-heading\" data-id=\"1f620162\" data-element_type=\"widget\" data-widget_type=\"heading.default\">\n\t\t\t\t\t<p class=\"elementor-heading-title elementor-size-default\">Descarga el eBook<\/p>\t\t\t\t<\/div>\n\t\t\t\t<div class=\"elementor-element elementor-element-4d1cf10d text-separator generic elementor-widget elementor-widget-text-editor\" data-id=\"4d1cf10d\" data-element_type=\"widget\" data-widget_type=\"text-editor.default\">\n\t\t\t\t\t\t\t\t\t<p>D\u00e9janos tus datos y te enviaremos el eBook.<\/p>\t\t\t\t\t\t\t\t<\/div>\n\t\t\t\t<div class=\"elementor-element elementor-element-4489a9d7 elementor-widget elementor-widget-html\" data-id=\"4489a9d7\" data-element_type=\"widget\" data-widget_type=\"html.default\">\n\t\t\t\t\t<script charset=\"utf-8\" type=\"text\/javascript\" src=\"\/\/js-eu1.hsforms.net\/forms\/embed\/v2.js\"><\/script>\r\n\r\n<script>\r\n\r\nhbspt.forms.create({\r\n\r\nregion: \"eu1\",\r\n\r\nportalId: \"143937989\",\r\n\r\nformId: \"eb018530-59b8-4338-a8db-53d8205db167\"\r\n});\r\n\r\n<\/script>\t\t\t\t<\/div>\n\t\t\t\t\t<\/div>\n\t\t\t\t<\/div>\n\t\t\t\t\t<\/div>\n\t\t\t\t<\/div>\n\t\t\t\t\t<\/div>\n\t\t\t\t<\/div>\n\t\t\t\t<\/div>\n\t\t\t\t<div class=\"elementor-element elementor-element-7f11b899 elementor-absolute elementor-hidden-tablet elementor-hidden-mobile elementor-widget elementor-widget-html\" data-id=\"7f11b899\" data-element_type=\"widget\" data-settings=\"{&quot;_position&quot;:&quot;absolute&quot;,&quot;motion_fx_motion_fx_scrolling&quot;:&quot;yes&quot;,&quot;motion_fx_translateY_effect&quot;:&quot;yes&quot;,&quot;motion_fx_translateY_speed&quot;:{&quot;unit&quot;:&quot;px&quot;,&quot;size&quot;:4,&quot;sizes&quot;:[]},&quot;motion_fx_translateY_affectedRange&quot;:{&quot;unit&quot;:&quot;%&quot;,&quot;size&quot;:&quot;&quot;,&quot;sizes&quot;:{&quot;start&quot;:0,&quot;end&quot;:100}},&quot;motion_fx_devices&quot;:[&quot;desktop&quot;,&quot;tablet&quot;,&quot;mobile&quot;]}\" data-widget_type=\"html.default\">\n\t\t\t\t\t<svg width=\"200\" height=\"387\" viewBox=\"0 0 200 387\" fill=\"none\" xmlns=\"http:\/\/www.w3.org\/2000\/svg\">\n<rect x=\"-39.5858\" y=\"285.081\" width=\"459.149\" height=\"199.894\" rx=\"99.9471\" transform=\"rotate(-45 -39.5858 285.081)\" stroke=\"white\" stroke-width=\"2\"\/>\n<\/svg>\n\t\t\t\t<\/div>\n\t\t\t\t<div class=\"elementor-element elementor-element-720cb885 elementor-absolute elementor-hidden-tablet elementor-hidden-mobile elementor-widget elementor-widget-html\" data-id=\"720cb885\" data-element_type=\"widget\" data-settings=\"{&quot;_position&quot;:&quot;absolute&quot;,&quot;motion_fx_motion_fx_scrolling&quot;:&quot;yes&quot;,&quot;motion_fx_translateY_effect&quot;:&quot;yes&quot;,&quot;motion_fx_translateY_speed&quot;:{&quot;unit&quot;:&quot;px&quot;,&quot;size&quot;:6,&quot;sizes&quot;:[]},&quot;motion_fx_translateY_affectedRange&quot;:{&quot;unit&quot;:&quot;%&quot;,&quot;size&quot;:&quot;&quot;,&quot;sizes&quot;:{&quot;start&quot;:0,&quot;end&quot;:100}},&quot;motion_fx_devices&quot;:[&quot;desktop&quot;,&quot;tablet&quot;,&quot;mobile&quot;]}\" data-widget_type=\"html.default\">\n\t\t\t\t\t<svg width=\"114\" height=\"114\" viewBox=\"0 0 114 114\" fill=\"none\" xmlns=\"http:\/\/www.w3.org\/2000\/svg\">\n<circle opacity=\"0.3\" cx=\"57\" cy=\"57\" r=\"57\" fill=\"white\"\/>\n<\/svg>\n\t\t\t\t<\/div>\n\t\t<div data-particle_enable=\"false\" data-particle-mobile-disabled=\"false\" class=\"elementor-element elementor-element-68a11d4d e-flex e-con-boxed e-con e-child\" data-id=\"68a11d4d\" data-element_type=\"container\">\n\t\t\t\t\t<div class=\"e-con-inner\">\n\t\t<div data-particle_enable=\"false\" data-particle-mobile-disabled=\"false\" class=\"elementor-element elementor-element-537639ea e-con-full e-flex e-con e-child\" data-id=\"537639ea\" data-element_type=\"container\">\n\t\t<div data-particle_enable=\"false\" data-particle-mobile-disabled=\"false\" class=\"elementor-element elementor-element-5caed283 slide-swiper1 hide-on-mobile e-flex e-con-boxed e-con e-child\" data-id=\"5caed283\" data-element_type=\"container\">\n\t\t\t\t\t<div class=\"e-con-inner\">\n\t\t<div data-particle_enable=\"false\" data-particle-mobile-disabled=\"false\" class=\"elementor-element elementor-element-70029b03 e-con-full e-flex e-con e-child\" data-id=\"70029b03\" data-element_type=\"container\">\n\t\t\t\t<div class=\"elementor-element elementor-element-3a241c4f elementor-widget elementor-widget-text-editor\" data-id=\"3a241c4f\" data-element_type=\"widget\" data-widget_type=\"text-editor.default\">\n\t\t\t\t\t\t\t\t\t<p><strong>Secci\u00f3n 1: <\/strong>Opciones de retribuci\u00f3n flexible m\u00e1s valoradas por el talento<\/p><p><strong>Secci\u00f3n 2: <\/strong>Preferencias en retribuci\u00f3n flexible seg\u00fan la comunidad aut\u00f3noma<\/p><p><strong>Secci\u00f3n 3: <\/strong>\u00bfQu\u00e9 valora cada perfil profesional seg\u00fan su edad?<\/p><p><strong>Secci\u00f3n 4: <\/strong>Opciones de retribuci\u00f3n flexible m\u00e1s valoradas seg\u00fan el tama\u00f1o empresarial<\/p>\t\t\t\t\t\t\t\t<\/div>\n\t\t\t\t<\/div>\n\t\t\t\t\t<\/div>\n\t\t\t\t<\/div>\n\t\t\t\t<\/div>\n\t\t<div data-particle_enable=\"false\" data-particle-mobile-disabled=\"false\" class=\"elementor-element elementor-element-29fc3a50 elementor-hidden-tablet elementor-hidden-mobile e-flex e-con-boxed e-con e-child\" data-id=\"29fc3a50\" data-element_type=\"container\">\n\t\t\t\t\t<div class=\"e-con-inner\">\n\t\t\t\t\t<\/div>\n\t\t\t\t<\/div>\n\t\t\t\t\t<\/div>\n\t\t\t\t<\/div>\n\t\t<div data-particle_enable=\"false\" data-particle-mobile-disabled=\"false\" class=\"elementor-element elementor-element-5ff20d0b e-con-full e-flex e-con e-child\" data-id=\"5ff20d0b\" data-element_type=\"container\">\n\t\t\t\t<\/div>\n\t\t<div data-particle_enable=\"false\" data-particle-mobile-disabled=\"false\" class=\"elementor-element elementor-element-20750a9b e-con-full e-flex e-con e-child\" data-id=\"20750a9b\" data-element_type=\"container\">\n\t\t\t\t<\/div>\n\t\t\t\t<\/div>\n\t\t\t\t<\/div>\n\t\t","protected":false},"excerpt":{"rendered":"<p>eBook: Las opciones de retribuci\u00f3n flexible m\u00e1s valoradas en Espa\u00f1a Descubre c\u00f3mo las empresas en Espa\u00f1a est\u00e1n transformando sus pol\u00edticas de compensaci\u00f3n con las opciones de retribuci\u00f3n flexible m\u00e1s valoradas por los equipos.\u00a0 En el eBook encontrar\u00e1s las claves para mejorar la satisfacci\u00f3n de tu equipo y potenciar la competitividad de tu organizaci\u00f3n. Descarga el [&hellip;]<\/p>\n","protected":false},"author":1,"featured_media":0,"parent":0,"menu_order":0,"comment_status":"closed","ping_status":"closed","template":"","meta":{"_acf_changed":false,"footnotes":""},"class_list":["post-44641","page","type-page","status-publish","hentry"],"acf":[],"yoast_head":"<!-- This site is optimized with the Yoast SEO plugin v26.8 - https:\/\/yoast.com\/product\/yoast-seo-wordpress\/ -->\n<title>Ebook \u2013 Las opciones de retribuci\u00f3n flexible m\u00e1s valoradas en Espa\u00f1a - Edenred<\/title>\n<meta name=\"robots\" content=\"index, follow, max-snippet:-1, max-image-preview:large, max-video-preview:-1\" \/>\n<link rel=\"canonical\" href=\"https:\/\/www.edenred.es\/en\/ebook-las-opciones-de-retribucion-flexible-mas-valoradas-en-espana\/\" \/>\n<meta property=\"og:locale\" content=\"en_GB\" \/>\n<meta property=\"og:type\" content=\"article\" \/>\n<meta property=\"og:title\" content=\"Ebook \u2013 Las opciones de retribuci\u00f3n flexible m\u00e1s valoradas en Espa\u00f1a - Edenred\" \/>\n<meta property=\"og:description\" content=\"eBook: Las opciones de retribuci\u00f3n flexible m\u00e1s valoradas en Espa\u00f1a Descubre c\u00f3mo las empresas en Espa\u00f1a est\u00e1n transformando sus pol\u00edticas de compensaci\u00f3n con las opciones de retribuci\u00f3n flexible m\u00e1s valoradas por los equipos.\u00a0 En el eBook encontrar\u00e1s las claves para mejorar la satisfacci\u00f3n de tu equipo y potenciar la competitividad de tu organizaci\u00f3n. Descarga el [&hellip;]\" \/>\n<meta property=\"og:url\" content=\"https:\/\/www.preprod.edenred.es\/ebook-las-opciones-de-retribucion-flexible-mas-valoradas-en-espana\/\" \/>\n<meta property=\"og:site_name\" content=\"Edenred Espa\u00f1a\" \/>\n<meta property=\"article:modified_time\" content=\"2026-01-08T10:52:43+00:00\" \/>\n<meta name=\"twitter:card\" content=\"summary_large_image\" \/>\n<script type=\"application\/ld+json\" class=\"yoast-schema-graph\">{\"@context\":\"https:\/\/schema.org\",\"@graph\":[{\"@type\":\"WebPage\",\"@id\":\"https:\/\/www.preprod.edenred.es\/ebook-las-opciones-de-retribucion-flexible-mas-valoradas-en-espana\/\",\"url\":\"https:\/\/www.preprod.edenred.es\/ebook-las-opciones-de-retribucion-flexible-mas-valoradas-en-espana\/\",\"name\":\"Ebook \u2013 Las opciones de retribuci\u00f3n flexible m\u00e1s valoradas en Espa\u00f1a - Edenred\",\"isPartOf\":{\"@id\":\"https:\/\/www.edenred.es\/#website\"},\"datePublished\":\"2025-12-03T11:28:00+00:00\",\"dateModified\":\"2026-01-08T10:52:43+00:00\",\"breadcrumb\":{\"@id\":\"https:\/\/www.preprod.edenred.es\/ebook-las-opciones-de-retribucion-flexible-mas-valoradas-en-espana\/#breadcrumb\"},\"inLanguage\":\"en-GB\",\"potentialAction\":[{\"@type\":\"ReadAction\",\"target\":[\"https:\/\/www.preprod.edenred.es\/ebook-las-opciones-de-retribucion-flexible-mas-valoradas-en-espana\/\"]}]},{\"@type\":\"BreadcrumbList\",\"@id\":\"https:\/\/www.preprod.edenred.es\/ebook-las-opciones-de-retribucion-flexible-mas-valoradas-en-espana\/#breadcrumb\",\"itemListElement\":[{\"@type\":\"ListItem\",\"position\":1,\"name\":\"Portada\",\"item\":\"https:\/\/www.edenred.es\/\"},{\"@type\":\"ListItem\",\"position\":2,\"name\":\"Ebook \u2013 Las opciones de retribuci\u00f3n flexible m\u00e1s valoradas en Espa\u00f1a\"}]},{\"@type\":\"WebSite\",\"@id\":\"https:\/\/www.edenred.es\/#website\",\"url\":\"https:\/\/www.edenred.es\/\",\"name\":\"Edenred Espa\u00f1a\",\"description\":\"\",\"publisher\":{\"@id\":\"https:\/\/www.edenred.es\/#organization\"},\"potentialAction\":[{\"@type\":\"SearchAction\",\"target\":{\"@type\":\"EntryPoint\",\"urlTemplate\":\"https:\/\/www.edenred.es\/?s={search_term_string}\"},\"query-input\":{\"@type\":\"PropertyValueSpecification\",\"valueRequired\":true,\"valueName\":\"search_term_string\"}}],\"inLanguage\":\"en-GB\"},{\"@type\":\"Organization\",\"@id\":\"https:\/\/www.edenred.es\/#organization\",\"name\":\"Edenred Espa\u00f1a\",\"url\":\"https:\/\/www.edenred.es\/\",\"logo\":{\"@type\":\"ImageObject\",\"inLanguage\":\"en-GB\",\"@id\":\"https:\/\/www.edenred.es\/#\/schema\/logo\/image\/\",\"url\":\"https:\/\/www.edenred.es\/wp-content\/uploads\/2023\/02\/logo-edenred.svg\",\"contentUrl\":\"https:\/\/www.edenred.es\/wp-content\/uploads\/2023\/02\/logo-edenred.svg\",\"width\":413,\"height\":265,\"caption\":\"Edenred Espa\u00f1a\"},\"image\":{\"@id\":\"https:\/\/www.edenred.es\/#\/schema\/logo\/image\/\"}}]}<\/script>\n<!-- \/ Yoast SEO plugin. -->","yoast_head_json":{"title":"Ebook - The most highly valued flexible compensation options in Spain - Edenred","robots":{"index":"index","follow":"follow","max-snippet":"max-snippet:-1","max-image-preview":"max-image-preview:large","max-video-preview":"max-video-preview:-1"},"canonical":"https:\/\/www.edenred.es\/en\/ebook-las-opciones-de-retribucion-flexible-mas-valoradas-en-espana\/","og_locale":"en_GB","og_type":"article","og_title":"Ebook \u2013 Las opciones de retribuci\u00f3n flexible m\u00e1s valoradas en Espa\u00f1a - Edenred","og_description":"eBook: Las opciones de retribuci\u00f3n flexible m\u00e1s valoradas en Espa\u00f1a Descubre c\u00f3mo las empresas en Espa\u00f1a est\u00e1n transformando sus pol\u00edticas de compensaci\u00f3n con las opciones de retribuci\u00f3n flexible m\u00e1s valoradas por los equipos.\u00a0 En el eBook encontrar\u00e1s las claves para mejorar la satisfacci\u00f3n de tu equipo y potenciar la competitividad de tu organizaci\u00f3n. Descarga el [&hellip;]","og_url":"https:\/\/www.preprod.edenred.es\/ebook-las-opciones-de-retribucion-flexible-mas-valoradas-en-espana\/","og_site_name":"Edenred Espa\u00f1a","article_modified_time":"2026-01-08T10:52:43+00:00","twitter_card":"summary_large_image","schema":{"@context":"https:\/\/schema.org","@graph":[{"@type":"WebPage","@id":"https:\/\/www.preprod.edenred.es\/ebook-las-opciones-de-retribucion-flexible-mas-valoradas-en-espana\/","url":"https:\/\/www.preprod.edenred.es\/ebook-las-opciones-de-retribucion-flexible-mas-valoradas-en-espana\/","name":"Ebook - The most highly valued flexible compensation options in Spain - Edenred","isPartOf":{"@id":"https:\/\/www.edenred.es\/#website"},"datePublished":"2025-12-03T11:28:00+00:00","dateModified":"2026-01-08T10:52:43+00:00","breadcrumb":{"@id":"https:\/\/www.preprod.edenred.es\/ebook-las-opciones-de-retribucion-flexible-mas-valoradas-en-espana\/#breadcrumb"},"inLanguage":"en-GB","potentialAction":[{"@type":"ReadAction","target":["https:\/\/www.preprod.edenred.es\/ebook-las-opciones-de-retribucion-flexible-mas-valoradas-en-espana\/"]}]},{"@type":"BreadcrumbList","@id":"https:\/\/www.preprod.edenred.es\/ebook-las-opciones-de-retribucion-flexible-mas-valoradas-en-espana\/#breadcrumb","itemListElement":[{"@type":"ListItem","position":1,"name":"Portada","item":"https:\/\/www.edenred.es\/"},{"@type":"ListItem","position":2,"name":"Ebook \u2013 Las opciones de retribuci\u00f3n flexible m\u00e1s valoradas en Espa\u00f1a"}]},{"@type":"WebSite","@id":"https:\/\/www.edenred.es\/#website","url":"https:\/\/www.edenred.es\/","name":"Edenred Spain","description":"","publisher":{"@id":"https:\/\/www.edenred.es\/#organization"},"potentialAction":[{"@type":"SearchAction","target":{"@type":"EntryPoint","urlTemplate":"https:\/\/www.edenred.es\/?s={search_term_string}"},"query-input":{"@type":"PropertyValueSpecification","valueRequired":true,"valueName":"search_term_string"}}],"inLanguage":"en-GB"},{"@type":"Organization","@id":"https:\/\/www.edenred.es\/#organization","name":"Edenred Spain","url":"https:\/\/www.edenred.es\/","logo":{"@type":"ImageObject","inLanguage":"en-GB","@id":"https:\/\/www.edenred.es\/#\/schema\/logo\/image\/","url":"https:\/\/www.edenred.es\/wp-content\/uploads\/2023\/02\/logo-edenred.svg","contentUrl":"https:\/\/www.edenred.es\/wp-content\/uploads\/2023\/02\/logo-edenred.svg","width":413,"height":265,"caption":"Edenred Espa\u00f1a"},"image":{"@id":"https:\/\/www.edenred.es\/#\/schema\/logo\/image\/"}}]}},"_links":{"self":[{"href":"https:\/\/www.edenred.es\/en\/wp-json\/wp\/v2\/pages\/44641","targetHints":{"allow":["GET"]}}],"collection":[{"href":"https:\/\/www.edenred.es\/en\/wp-json\/wp\/v2\/pages"}],"about":[{"href":"https:\/\/www.edenred.es\/en\/wp-json\/wp\/v2\/types\/page"}],"author":[{"embeddable":true,"href":"https:\/\/www.edenred.es\/en\/wp-json\/wp\/v2\/users\/1"}],"replies":[{"embeddable":true,"href":"https:\/\/www.edenred.es\/en\/wp-json\/wp\/v2\/comments?post=44641"}],"version-history":[{"count":0,"href":"https:\/\/www.edenred.es\/en\/wp-json\/wp\/v2\/pages\/44641\/revisions"}],"wp:attachment":[{"href":"https:\/\/www.edenred.es\/en\/wp-json\/wp\/v2\/media?parent=44641"}],"curies":[{"name":"wp","href":"https:\/\/api.w.org\/{rel}","templated":true}]}}