{"id":37426,"date":"2024-10-02T16:07:01","date_gmt":"2024-10-02T14:07:01","guid":{"rendered":"https:\/\/www.edenred.es\/?page_id=37426"},"modified":"2024-11-20T12:28:50","modified_gmt":"2024-11-20T11:28:50","slug":"ebook-genz-como-atraer-talento-joven","status":"publish","type":"page","link":"https:\/\/www.edenred.es\/en\/ebook-genz-como-atraer-talento-joven\/","title":{"rendered":"Ebook - GenZ Perspectives - Find out how to attract young talent"},"content":{"rendered":"\t\t<div data-elementor-type=\"wp-page\" data-elementor-id=\"37426\" class=\"elementor elementor-37426\" data-elementor-post-type=\"page\">\n\t\t\t\t<div data-particle_enable=\"false\" data-particle-mobile-disabled=\"false\" class=\"elementor-element elementor-element-117fc99 e-flex e-con-boxed e-con e-parent\" data-id=\"117fc99\" data-element_type=\"container\">\n\t\t\t\t\t<div class=\"e-con-inner\">\n\t\t<div data-particle_enable=\"false\" data-particle-mobile-disabled=\"false\" class=\"elementor-element elementor-element-8fa177a e-con-full e-flex e-con e-child\" data-id=\"8fa177a\" data-element_type=\"container\">\n\t\t\t\t<div class=\"elementor-element elementor-element-c711462 elementor-widget elementor-widget-theme-site-logo elementor-widget-image\" data-id=\"c711462\" data-element_type=\"widget\" data-widget_type=\"theme-site-logo.default\">\n\t\t\t\t\t\t\t\t\t\t\t<a href=\"https:\/\/www.edenred.es\/en\">\n\t\t\t<img fetchpriority=\"high\" decoding=\"async\" width=\"413\" height=\"265\" src=\"https:\/\/www.edenred.es\/wp-content\/uploads\/2023\/02\/logo-edenred.svg\" class=\"attachment-full size-full wp-image-1172\" alt=\"\" \/>\t\t\t\t<\/a>\n\t\t\t\t\t\t\t\t\t\t\t<\/div>\n\t\t\t\t<\/div>\n\t\t\t\t\t<\/div>\n\t\t\t\t<\/div>\n\t\t<div data-particle_enable=\"false\" data-particle-mobile-disabled=\"false\" class=\"elementor-element elementor-element-79c7e2f e-con-full e-flex e-con e-parent\" data-id=\"79c7e2f\" data-element_type=\"container\" data-settings=\"{&quot;background_background&quot;:&quot;gradient&quot;}\">\n\t\t<div data-particle_enable=\"false\" data-particle-mobile-disabled=\"false\" class=\"elementor-element elementor-element-00ad4c2 e-con-full e-flex e-con e-child\" data-id=\"00ad4c2\" data-element_type=\"container\" data-settings=\"{&quot;background_background&quot;:&quot;classic&quot;}\">\n\t\t<div data-particle_enable=\"false\" data-particle-mobile-disabled=\"false\" class=\"elementor-element elementor-element-61c2143 e-flex e-con-boxed e-con e-child\" data-id=\"61c2143\" data-element_type=\"container\">\n\t\t\t\t\t<div class=\"e-con-inner\">\n\t\t<div data-particle_enable=\"false\" data-particle-mobile-disabled=\"false\" class=\"elementor-element elementor-element-7cca023 e-flex e-con-boxed e-con e-child\" data-id=\"7cca023\" data-element_type=\"container\">\n\t\t\t\t\t<div class=\"e-con-inner\">\n\t\t<div data-particle_enable=\"false\" data-particle-mobile-disabled=\"false\" class=\"elementor-element elementor-element-3dc8104 e-con-full e-flex e-con e-child\" data-id=\"3dc8104\" data-element_type=\"container\">\n\t\t\t\t<div class=\"elementor-element elementor-element-832e2f8 second-level-title landing elementor-widget elementor-widget-heading\" data-id=\"832e2f8\" data-element_type=\"widget\" data-widget_type=\"heading.default\">\n\t\t\t\t\t<h2 class=\"elementor-heading-title elementor-size-default\">eBook: Perspectivas Genz - Descubre c\u00f3mo atraer y retener al talento joven<\/h2>\t\t\t\t<\/div>\n\t\t\t\t<div class=\"elementor-element elementor-element-19e1154 elementor-widget elementor-widget-text-editor\" data-id=\"19e1154\" data-element_type=\"widget\" data-widget_type=\"text-editor.default\">\n\t\t\t\t\t\t\t\t\t<div class=\"claim\">\n<p class=\"intro \">A trav\u00e9s de este eBook, exploraremos las principales estrategias y perspectivas compartidas por nuestros expertos para entender mejor a la Generaci\u00f3n Z y c\u00f3mo las empresas pueden adaptarse para atraer y retener a este grupo demogr\u00e1fico crucial.<\/p>\n<\/div>\n<p>\u00bfQu\u00e9 encontrar\u00e1s en este eBook?<\/p>\n<ul>\n<li>&nbsp;Introducci\u00f3n a la generaci\u00f3n Z<\/li>\n<li>&nbsp;Reto para los j\u00f3venes<\/li>\n<li>&nbsp;Reto para las empresas<\/li>\n<li>&nbsp;Datos relevantes<\/li>\n<li>&nbsp;Estrategias para atraer a la Generaci\u00f3n Z<\/li>\n<\/ul>\n<div>&nbsp;<\/div>\t\t\t\t\t\t\t\t<\/div>\n\t\t\t\t<\/div>\n\t\t<div data-particle_enable=\"false\" data-particle-mobile-disabled=\"false\" class=\"elementor-element elementor-element-24a551d download-form e-flex e-con-boxed e-con e-child\" data-id=\"24a551d\" data-element_type=\"container\" data-settings=\"{&quot;background_background&quot;:&quot;classic&quot;,&quot;position&quot;:&quot;absolute&quot;}\">\n\t\t\t\t\t<div class=\"e-con-inner\">\n\t\t\t\t<div class=\"elementor-element elementor-element-0220fd9 third-level-title elementor-widget elementor-widget-heading\" data-id=\"0220fd9\" data-element_type=\"widget\" data-widget_type=\"heading.default\">\n\t\t\t\t\t<p class=\"elementor-heading-title elementor-size-default\">Descarga el eBook<\/p>\t\t\t\t<\/div>\n\t\t\t\t<div class=\"elementor-element elementor-element-5db122f text-separator generic elementor-widget elementor-widget-text-editor\" data-id=\"5db122f\" data-element_type=\"widget\" data-widget_type=\"text-editor.default\">\n\t\t\t\t\t\t\t\t\t<p>D\u00e9janos tus datos y te enviaremos el eBook.<\/p>\t\t\t\t\t\t\t\t<\/div>\n\t\t\t\t<div class=\"elementor-element elementor-element-05078da elementor-widget elementor-widget-html\" data-id=\"05078da\" data-element_type=\"widget\" data-widget_type=\"html.default\">\n\t\t\t\t\t<script charset=\"utf-8\" type=\"text\/javascript\" src=\"\/\/js-eu1.hsforms.net\/forms\/embed\/v2.js\"><\/script>\r\n\r\n<script>\r\n\r\nhbspt.forms.create({\r\n\r\nregion: \"eu1\",\r\n\r\nportalId: \"143937989\",\r\n\r\nformId: \"3e1b295a-82ea-47be-bd08-18487cf7fce7\"\r\n});\r\n\r\n<\/script>\t\t\t\t<\/div>\n\t\t\t\t\t<\/div>\n\t\t\t\t<\/div>\n\t\t\t\t\t<\/div>\n\t\t\t\t<\/div>\n\t\t\t\t\t<\/div>\n\t\t\t\t<\/div>\n\t\t\t\t<\/div>\n\t\t\t\t<div class=\"elementor-element elementor-element-d2e7dcb elementor-absolute elementor-hidden-tablet elementor-hidden-mobile elementor-widget elementor-widget-html\" data-id=\"d2e7dcb\" data-element_type=\"widget\" data-settings=\"{&quot;_position&quot;:&quot;absolute&quot;,&quot;motion_fx_motion_fx_scrolling&quot;:&quot;yes&quot;,&quot;motion_fx_translateY_effect&quot;:&quot;yes&quot;,&quot;motion_fx_translateY_speed&quot;:{&quot;unit&quot;:&quot;px&quot;,&quot;size&quot;:4,&quot;sizes&quot;:[]},&quot;motion_fx_translateY_affectedRange&quot;:{&quot;unit&quot;:&quot;%&quot;,&quot;size&quot;:&quot;&quot;,&quot;sizes&quot;:{&quot;start&quot;:0,&quot;end&quot;:100}},&quot;motion_fx_devices&quot;:[&quot;desktop&quot;,&quot;tablet&quot;,&quot;mobile&quot;]}\" data-widget_type=\"html.default\">\n\t\t\t\t\t<svg width=\"200\" height=\"387\" viewBox=\"0 0 200 387\" fill=\"none\" xmlns=\"http:\/\/www.w3.org\/2000\/svg\">\n<rect x=\"-39.5858\" y=\"285.081\" width=\"459.149\" height=\"199.894\" rx=\"99.9471\" transform=\"rotate(-45 -39.5858 285.081)\" stroke=\"white\" stroke-width=\"2\"\/>\n<\/svg>\n\t\t\t\t<\/div>\n\t\t\t\t<div class=\"elementor-element elementor-element-1d590a1 elementor-absolute elementor-hidden-tablet elementor-hidden-mobile elementor-widget elementor-widget-html\" data-id=\"1d590a1\" data-element_type=\"widget\" data-settings=\"{&quot;_position&quot;:&quot;absolute&quot;,&quot;motion_fx_motion_fx_scrolling&quot;:&quot;yes&quot;,&quot;motion_fx_translateY_effect&quot;:&quot;yes&quot;,&quot;motion_fx_translateY_speed&quot;:{&quot;unit&quot;:&quot;px&quot;,&quot;size&quot;:6,&quot;sizes&quot;:[]},&quot;motion_fx_translateY_affectedRange&quot;:{&quot;unit&quot;:&quot;%&quot;,&quot;size&quot;:&quot;&quot;,&quot;sizes&quot;:{&quot;start&quot;:0,&quot;end&quot;:100}},&quot;motion_fx_devices&quot;:[&quot;desktop&quot;,&quot;tablet&quot;,&quot;mobile&quot;]}\" data-widget_type=\"html.default\">\n\t\t\t\t\t<svg width=\"114\" height=\"114\" viewBox=\"0 0 114 114\" fill=\"none\" xmlns=\"http:\/\/www.w3.org\/2000\/svg\">\n<circle opacity=\"0.3\" cx=\"57\" cy=\"57\" r=\"57\" fill=\"white\"\/>\n<\/svg>\n\t\t\t\t<\/div>\n\t\t\t\t<div class=\"elementor-element elementor-element-270f86c third-level-title elementor-widget elementor-widget-heading\" data-id=\"270f86c\" data-element_type=\"widget\" data-widget_type=\"heading.default\">\n\t\t\t\t\t<span class=\"elementor-heading-title elementor-size-default\"><br>\n<br>\n<br>\n<br>\n<br>\n<\/span>\t\t\t\t<\/div>\n\t\t\t\t<\/div>\n\t\t\t\t<\/div>\n\t\t","protected":false},"excerpt":{"rendered":"<p>eBook: Perspectivas Genz &#8211; Descubre c\u00f3mo atraer y retener al talento joven A trav\u00e9s de este eBook, exploraremos las principales estrategias y perspectivas compartidas por nuestros expertos para entender mejor a la Generaci\u00f3n Z y c\u00f3mo las empresas pueden adaptarse para atraer y retener a este grupo demogr\u00e1fico crucial. \u00bfQu\u00e9 encontrar\u00e1s en este eBook? &nbsp;Introducci\u00f3n [&hellip;]<\/p>\n","protected":false},"author":3,"featured_media":0,"parent":0,"menu_order":0,"comment_status":"closed","ping_status":"closed","template":"","meta":{"_acf_changed":false,"footnotes":""},"class_list":["post-37426","page","type-page","status-publish","hentry"],"acf":[],"yoast_head":"<!-- This site is optimized with the Yoast SEO plugin v26.8 - https:\/\/yoast.com\/product\/yoast-seo-wordpress\/ -->\n<title>C\u00f3mo tener empleados felices - Retribuci\u00f3n flexible<\/title>\n<meta name=\"robots\" content=\"index, nofollow, max-snippet:-1, max-image-preview:large, max-video-preview:-1\" \/>\n<link rel=\"canonical\" href=\"https:\/\/www.edenred.es\/en\/ebook-genz-como-atraer-talento-joven\/\" \/>\n<meta property=\"og:locale\" content=\"en_GB\" \/>\n<meta property=\"og:type\" content=\"article\" \/>\n<meta property=\"og:title\" content=\"C\u00f3mo tener empleados felices - Retribuci\u00f3n flexible\" \/>\n<meta property=\"og:description\" content=\"eBook: Perspectivas Genz &#8211; Descubre c\u00f3mo atraer y retener al talento joven A trav\u00e9s de este eBook, exploraremos las principales estrategias y perspectivas compartidas por nuestros expertos para entender mejor a la Generaci\u00f3n Z y c\u00f3mo las empresas pueden adaptarse para atraer y retener a este grupo demogr\u00e1fico crucial. \u00bfQu\u00e9 encontrar\u00e1s en este eBook? &nbsp;Introducci\u00f3n [&hellip;]\" \/>\n<meta property=\"og:url\" content=\"https:\/\/www.edenred.es\/en\/ebook-genz-como-atraer-talento-joven\/\" \/>\n<meta property=\"og:site_name\" content=\"Edenred Espa\u00f1a\" \/>\n<meta property=\"article:modified_time\" content=\"2024-11-20T11:28:50+00:00\" \/>\n<meta name=\"twitter:card\" content=\"summary_large_image\" \/>\n<meta name=\"twitter:label1\" content=\"Estimated reading time\" \/>\n\t<meta name=\"twitter:data1\" content=\"1 minute\" \/>\n<script type=\"application\/ld+json\" class=\"yoast-schema-graph\">{\"@context\":\"https:\/\/schema.org\",\"@graph\":[{\"@type\":\"WebPage\",\"@id\":\"https:\/\/www.edenred.es\/ebook-genz-como-atraer-talento-joven\/\",\"url\":\"https:\/\/www.edenred.es\/ebook-genz-como-atraer-talento-joven\/\",\"name\":\"C\u00f3mo tener empleados felices - Retribuci\u00f3n flexible\",\"isPartOf\":{\"@id\":\"https:\/\/www.edenred.es\/#website\"},\"datePublished\":\"2024-10-02T14:07:01+00:00\",\"dateModified\":\"2024-11-20T11:28:50+00:00\",\"breadcrumb\":{\"@id\":\"https:\/\/www.edenred.es\/ebook-genz-como-atraer-talento-joven\/#breadcrumb\"},\"inLanguage\":\"en-GB\",\"potentialAction\":[{\"@type\":\"ReadAction\",\"target\":[\"https:\/\/www.edenred.es\/ebook-genz-como-atraer-talento-joven\/\"]}]},{\"@type\":\"BreadcrumbList\",\"@id\":\"https:\/\/www.edenred.es\/ebook-genz-como-atraer-talento-joven\/#breadcrumb\",\"itemListElement\":[{\"@type\":\"ListItem\",\"position\":1,\"name\":\"Portada\",\"item\":\"https:\/\/www.edenred.es\/\"},{\"@type\":\"ListItem\",\"position\":2,\"name\":\"Ebook &#8211; Perspectivas GenZ &#8211; Descubre c\u00f3mo atraer al talento joven\"}]},{\"@type\":\"WebSite\",\"@id\":\"https:\/\/www.edenred.es\/#website\",\"url\":\"https:\/\/www.edenred.es\/\",\"name\":\"Edenred Espa\u00f1a\",\"description\":\"\",\"publisher\":{\"@id\":\"https:\/\/www.edenred.es\/#organization\"},\"potentialAction\":[{\"@type\":\"SearchAction\",\"target\":{\"@type\":\"EntryPoint\",\"urlTemplate\":\"https:\/\/www.edenred.es\/?s={search_term_string}\"},\"query-input\":{\"@type\":\"PropertyValueSpecification\",\"valueRequired\":true,\"valueName\":\"search_term_string\"}}],\"inLanguage\":\"en-GB\"},{\"@type\":\"Organization\",\"@id\":\"https:\/\/www.edenred.es\/#organization\",\"name\":\"Edenred Espa\u00f1a\",\"url\":\"https:\/\/www.edenred.es\/\",\"logo\":{\"@type\":\"ImageObject\",\"inLanguage\":\"en-GB\",\"@id\":\"https:\/\/www.edenred.es\/#\/schema\/logo\/image\/\",\"url\":\"https:\/\/www.edenred.es\/wp-content\/uploads\/2023\/02\/logo-edenred.svg\",\"contentUrl\":\"https:\/\/www.edenred.es\/wp-content\/uploads\/2023\/02\/logo-edenred.svg\",\"width\":413,\"height\":265,\"caption\":\"Edenred Espa\u00f1a\"},\"image\":{\"@id\":\"https:\/\/www.edenred.es\/#\/schema\/logo\/image\/\"}}]}<\/script>\n<!-- \/ Yoast SEO plugin. -->","yoast_head_json":{"title":"How to keep employees happy - Flexible compensation","robots":{"index":"index","follow":"nofollow","max-snippet":"max-snippet:-1","max-image-preview":"max-image-preview:large","max-video-preview":"max-video-preview:-1"},"canonical":"https:\/\/www.edenred.es\/en\/ebook-genz-como-atraer-talento-joven\/","og_locale":"en_GB","og_type":"article","og_title":"C\u00f3mo tener empleados felices - Retribuci\u00f3n flexible","og_description":"eBook: Perspectivas Genz &#8211; Descubre c\u00f3mo atraer y retener al talento joven A trav\u00e9s de este eBook, exploraremos las principales estrategias y perspectivas compartidas por nuestros expertos para entender mejor a la Generaci\u00f3n Z y c\u00f3mo las empresas pueden adaptarse para atraer y retener a este grupo demogr\u00e1fico crucial. \u00bfQu\u00e9 encontrar\u00e1s en este eBook? &nbsp;Introducci\u00f3n [&hellip;]","og_url":"https:\/\/www.edenred.es\/en\/ebook-genz-como-atraer-talento-joven\/","og_site_name":"Edenred Espa\u00f1a","article_modified_time":"2024-11-20T11:28:50+00:00","twitter_card":"summary_large_image","twitter_misc":{"Estimated reading time":"1 minute"},"schema":{"@context":"https:\/\/schema.org","@graph":[{"@type":"WebPage","@id":"https:\/\/www.edenred.es\/ebook-genz-como-atraer-talento-joven\/","url":"https:\/\/www.edenred.es\/ebook-genz-como-atraer-talento-joven\/","name":"How to keep employees happy - Flexible compensation","isPartOf":{"@id":"https:\/\/www.edenred.es\/#website"},"datePublished":"2024-10-02T14:07:01+00:00","dateModified":"2024-11-20T11:28:50+00:00","breadcrumb":{"@id":"https:\/\/www.edenred.es\/ebook-genz-como-atraer-talento-joven\/#breadcrumb"},"inLanguage":"en-GB","potentialAction":[{"@type":"ReadAction","target":["https:\/\/www.edenred.es\/ebook-genz-como-atraer-talento-joven\/"]}]},{"@type":"BreadcrumbList","@id":"https:\/\/www.edenred.es\/ebook-genz-como-atraer-talento-joven\/#breadcrumb","itemListElement":[{"@type":"ListItem","position":1,"name":"Portada","item":"https:\/\/www.edenred.es\/"},{"@type":"ListItem","position":2,"name":"Ebook &#8211; Perspectivas GenZ &#8211; Descubre c\u00f3mo atraer al talento joven"}]},{"@type":"WebSite","@id":"https:\/\/www.edenred.es\/#website","url":"https:\/\/www.edenred.es\/","name":"Edenred Spain","description":"","publisher":{"@id":"https:\/\/www.edenred.es\/#organization"},"potentialAction":[{"@type":"SearchAction","target":{"@type":"EntryPoint","urlTemplate":"https:\/\/www.edenred.es\/?s={search_term_string}"},"query-input":{"@type":"PropertyValueSpecification","valueRequired":true,"valueName":"search_term_string"}}],"inLanguage":"en-GB"},{"@type":"Organization","@id":"https:\/\/www.edenred.es\/#organization","name":"Edenred Spain","url":"https:\/\/www.edenred.es\/","logo":{"@type":"ImageObject","inLanguage":"en-GB","@id":"https:\/\/www.edenred.es\/#\/schema\/logo\/image\/","url":"https:\/\/www.edenred.es\/wp-content\/uploads\/2023\/02\/logo-edenred.svg","contentUrl":"https:\/\/www.edenred.es\/wp-content\/uploads\/2023\/02\/logo-edenred.svg","width":413,"height":265,"caption":"Edenred Espa\u00f1a"},"image":{"@id":"https:\/\/www.edenred.es\/#\/schema\/logo\/image\/"}}]}},"_links":{"self":[{"href":"https:\/\/www.edenred.es\/en\/wp-json\/wp\/v2\/pages\/37426","targetHints":{"allow":["GET"]}}],"collection":[{"href":"https:\/\/www.edenred.es\/en\/wp-json\/wp\/v2\/pages"}],"about":[{"href":"https:\/\/www.edenred.es\/en\/wp-json\/wp\/v2\/types\/page"}],"author":[{"embeddable":true,"href":"https:\/\/www.edenred.es\/en\/wp-json\/wp\/v2\/users\/3"}],"replies":[{"embeddable":true,"href":"https:\/\/www.edenred.es\/en\/wp-json\/wp\/v2\/comments?post=37426"}],"version-history":[{"count":0,"href":"https:\/\/www.edenred.es\/en\/wp-json\/wp\/v2\/pages\/37426\/revisions"}],"wp:attachment":[{"href":"https:\/\/www.edenred.es\/en\/wp-json\/wp\/v2\/media?parent=37426"}],"curies":[{"name":"wp","href":"https:\/\/api.w.org\/{rel}","templated":true}]}}