{"id":35802,"date":"2024-01-25T09:00:03","date_gmt":"2024-01-25T08:00:03","guid":{"rendered":"https:\/\/www.edenred.es\/?page_id=35802"},"modified":"2024-02-19T11:58:14","modified_gmt":"2024-02-19T10:58:14","slug":"hip2024","status":"publish","type":"page","link":"https:\/\/www.edenred.es\/en\/hip2024\/","title":{"rendered":"HIP 2024"},"content":{"rendered":"\t\t<div data-elementor-type=\"wp-page\" data-elementor-id=\"35802\" class=\"elementor elementor-35802\" data-elementor-post-type=\"page\">\n\t\t\t\t<div data-particle_enable=\"false\" data-particle-mobile-disabled=\"false\" class=\"elementor-element elementor-element-659eb1f e-con-full e-flex e-con e-parent\" data-id=\"659eb1f\" data-element_type=\"container\" data-settings=\"{&quot;position&quot;:&quot;absolute&quot;}\">\n\t\t\t\t<div class=\"elementor-element elementor-element-e7c7c84 elementor-absolute elementor-widget elementor-widget-image\" data-id=\"e7c7c84\" data-element_type=\"widget\" data-settings=\"{&quot;_position&quot;:&quot;absolute&quot;}\" data-widget_type=\"image.default\">\n\t\t\t\t\t\t\t\t\t\t\t\t\t\t\t<img fetchpriority=\"high\" decoding=\"async\" width=\"390\" height=\"173\" src=\"https:\/\/www.edenred.es\/wp-content\/uploads\/2024\/02\/HEADER.png\" class=\" attachment-full size-full wp-image-36217\" alt=\"\" srcset=\"https:\/\/www.edenred.es\/wp-content\/uploads\/2024\/02\/HEADER.png 390w, https:\/\/www.edenred.es\/wp-content\/uploads\/2024\/02\/HEADER-300x133.png 300w\" sizes=\"(max-width: 390px) 100vw, 390px\" \/>\t\t\t\t\t\t\t\t\t\t\t\t\t\t\t<\/div>\n\t\t\t\t<\/div>\n\t\t<div data-particle_enable=\"false\" data-particle-mobile-disabled=\"false\" class=\"elementor-element elementor-element-de7b8e8 e-flex e-con-boxed e-con e-parent\" data-id=\"de7b8e8\" data-element_type=\"container\">\n\t\t\t\t\t<div class=\"e-con-inner\">\n\t\t\t\t<div class=\"elementor-element elementor-element-79dcbba elementor-widget__width-initial elementor-widget elementor-widget-heading\" data-id=\"79dcbba\" data-element_type=\"widget\" data-widget_type=\"heading.default\">\n\t\t\t\t\t<h1 class=\"elementor-heading-title elementor-size-default\">\u00bfQuieres una tarjeta Edenred Regalo?<\/h1>\t\t\t\t<\/div>\n\t\t\t\t\t<\/div>\n\t\t\t\t<\/div>\n\t\t<div data-particle_enable=\"false\" data-particle-mobile-disabled=\"false\" class=\"elementor-element elementor-element-6a1ff65 e-flex e-con-boxed e-con e-parent\" data-id=\"6a1ff65\" data-element_type=\"container\">\n\t\t\t\t\t<div class=\"e-con-inner\">\n\t\t\t\t<div class=\"elementor-element elementor-element-6717723 elementor-widget__width-initial elementor-widget elementor-widget-image\" data-id=\"6717723\" data-element_type=\"widget\" data-widget_type=\"image.default\">\n\t\t\t\t\t\t\t\t\t\t\t\t\t\t\t<img decoding=\"async\" width=\"354\" height=\"261\" src=\"https:\/\/www.edenred.es\/wp-content\/uploads\/2024\/02\/tarjeta_edenred_regalo_mod.png\" class=\" attachment-full size-full wp-image-36101\" alt=\"Tarjeta Edenred Regalo\" srcset=\"https:\/\/www.edenred.es\/wp-content\/uploads\/2024\/02\/tarjeta_edenred_regalo_mod.png 354w, https:\/\/www.edenred.es\/wp-content\/uploads\/2024\/02\/tarjeta_edenred_regalo_mod-300x221.png 300w\" sizes=\"(max-width: 354px) 100vw, 354px\" \/>\t\t\t\t\t\t\t\t\t\t\t\t\t\t\t<\/div>\n\t\t\t\t\t<\/div>\n\t\t\t\t<\/div>\n\t\t<div data-particle_enable=\"false\" data-particle-mobile-disabled=\"false\" class=\"elementor-element elementor-element-67d97ec e-flex e-con-boxed e-con e-parent\" data-id=\"67d97ec\" data-element_type=\"container\">\n\t\t\t\t\t<div class=\"e-con-inner\">\n\t\t\t\t<div class=\"elementor-element elementor-element-d91431a elementor-widget elementor-widget-text-editor\" data-id=\"d91431a\" data-element_type=\"widget\" data-widget_type=\"text-editor.default\">\n\t\t\t\t\t\t\t\t\t<p>Reg\u00edstrate aqu\u00ed y participa en el sorteo:<\/p>\t\t\t\t\t\t\t\t<\/div>\n\t\t\t\t\t<\/div>\n\t\t\t\t<\/div>\n\t\t<div data-particle_enable=\"false\" data-particle-mobile-disabled=\"false\" class=\"elementor-element elementor-element-45defdf e-flex e-con-boxed e-con e-parent\" data-id=\"45defdf\" data-element_type=\"container\">\n\t\t\t\t\t<div class=\"e-con-inner\">\n\t\t\t\t<div class=\"elementor-element elementor-element-f02adf7 elementor-button-align-center elementor-widget__width-initial elementor-widget elementor-widget-form\" data-id=\"f02adf7\" data-element_type=\"widget\" data-settings=\"{&quot;step_next_label&quot;:&quot;Siguiente&quot;,&quot;step_previous_label&quot;:&quot;Anterior&quot;,&quot;button_width&quot;:&quot;100&quot;,&quot;step_type&quot;:&quot;number_text&quot;,&quot;step_icon_shape&quot;:&quot;circle&quot;}\" data-widget_type=\"form.default\">\n\t\t\t\t\t\t\t<form class=\"elementor-form\" method=\"post\" name=\"Formulario HIP 2024\" aria-label=\"Formulario HIP 2024\">\n\t\t\t<input type=\"hidden\" name=\"post_id\" value=\"35802\"\/>\n\t\t\t<input type=\"hidden\" name=\"form_id\" value=\"f02adf7\"\/>\n\t\t\t<input type=\"hidden\" name=\"referer_title\" value=\"HIP 2024 - Edenred\" \/>\n\n\t\t\t\t\t\t\t<input type=\"hidden\" name=\"queried_id\" value=\"35802\"\/>\n\t\t\t\n\t\t\t<div class=\"elementor-form-fields-wrapper elementor-labels-above\">\n\t\t\t\t\t\t\t\t<div class=\"elementor-field-type-text elementor-field-group elementor-column elementor-field-group-name elementor-col-50 elementor-field-required elementor-mark-required\">\n\t\t\t\t\t\t\t\t\t\t\t\t<label for=\"form-field-name\" class=\"elementor-field-label\">\n\t\t\t\t\t\t\t\tNombre y apellidos\t\t\t\t\t\t\t<\/label>\n\t\t\t\t\t\t\t\t\t\t\t\t\t\t<input size=\"1\" type=\"text\" name=\"form_fields[name]\" id=\"form-field-name\" class=\"elementor-field elementor-size-sm  elementor-field-textual\" placeholder=\"Nombre y apellidos\" required=\"required\">\n\t\t\t\t\t\t\t\t\t\t\t<\/div>\n\t\t\t\t\t\t\t\t<div class=\"elementor-field-type-text elementor-field-group elementor-column elementor-field-group-field_14cf767 elementor-col-50 elementor-field-required elementor-mark-required\">\n\t\t\t\t\t\t\t\t\t\t\t\t<label for=\"form-field-field_14cf767\" class=\"elementor-field-label\">\n\t\t\t\t\t\t\t\tEmpresa\t\t\t\t\t\t\t<\/label>\n\t\t\t\t\t\t\t\t\t\t\t\t\t\t<input size=\"1\" type=\"text\" name=\"form_fields[field_14cf767]\" id=\"form-field-field_14cf767\" class=\"elementor-field elementor-size-sm  elementor-field-textual\" placeholder=\"Empresa\" required=\"required\">\n\t\t\t\t\t\t\t\t\t\t\t<\/div>\n\t\t\t\t\t\t\t\t<div class=\"elementor-field-type-text elementor-field-group elementor-column elementor-field-group-field_0a035de elementor-col-40 elementor-field-required elementor-mark-required\">\n\t\t\t\t\t\t\t\t\t\t\t\t<label for=\"form-field-field_0a035de\" class=\"elementor-field-label\">\n\t\t\t\t\t\t\t\tCargo\t\t\t\t\t\t\t<\/label>\n\t\t\t\t\t\t\t\t\t\t\t\t\t\t<input size=\"1\" type=\"text\" name=\"form_fields[field_0a035de]\" id=\"form-field-field_0a035de\" class=\"elementor-field elementor-size-sm  elementor-field-textual\" placeholder=\"Cargo\" required=\"required\">\n\t\t\t\t\t\t\t\t\t\t\t<\/div>\n\t\t\t\t\t\t\t\t<div class=\"elementor-field-type-email elementor-field-group elementor-column elementor-field-group-email elementor-col-40 elementor-field-required elementor-mark-required\">\n\t\t\t\t\t\t\t\t\t\t\t\t<label for=\"form-field-email\" class=\"elementor-field-label\">\n\t\t\t\t\t\t\t\tCorreo electr\u00f3nico\t\t\t\t\t\t\t<\/label>\n\t\t\t\t\t\t\t\t\t\t\t\t\t\t<input size=\"1\" type=\"email\" name=\"form_fields[email]\" id=\"form-field-email\" class=\"elementor-field elementor-size-sm  elementor-field-textual\" placeholder=\"Correo electr\u00f3nico\" required=\"required\">\n\t\t\t\t\t\t\t\t\t\t\t<\/div>\n\t\t\t\t\t\t\t\t<div class=\"elementor-field-type-tel elementor-field-group elementor-column elementor-field-group-field_d59414f elementor-col-20 elementor-field-required elementor-mark-required\">\n\t\t\t\t\t\t\t\t\t\t\t\t<label for=\"form-field-field_d59414f\" class=\"elementor-field-label\">\n\t\t\t\t\t\t\t\tTel\u00e9fono\t\t\t\t\t\t\t<\/label>\n\t\t\t\t\t\t\t\t<input size=\"1\" type=\"tel\" name=\"form_fields[field_d59414f]\" id=\"form-field-field_d59414f\" class=\"elementor-field elementor-size-sm  elementor-field-textual\" placeholder=\"Tel\u00e9fono\" required=\"required\" pattern=\"[0-9()#&amp;+*-=.]+\" title=\"Only numbers and phone characters (#, -, *, etc) are accepted.\">\n\n\t\t\t\t\t\t<\/div>\n\t\t\t\t\t\t\t\t<div class=\"elementor-field-type-acceptance elementor-field-group elementor-column elementor-field-group-field_c323446 elementor-col-100 elementor-field-required elementor-mark-required\">\n\t\t\t\t\t\t\t<div class=\"elementor-field-subgroup\">\n\t\t\t<span class=\"elementor-field-option\">\n\t\t\t\t<input type=\"checkbox\" name=\"form_fields[field_c323446]\" id=\"form-field-field_c323446\" class=\"elementor-field elementor-size-sm  elementor-acceptance-field\" required=\"required\">\n\t\t\t\t<label for=\"form-field-field_c323446\">Acepto el env\u00edo de comunicaciones comerciales electr\u00f3nicas.<\/label>\t\t\t<\/span>\n\t\t<\/div>\n\t\t\t\t\t\t<\/div>\n\t\t\t\t\t\t\t\t<div class=\"elementor-field-type-acceptance elementor-field-group elementor-column elementor-field-group-field_d991b41 elementor-col-100 elementor-field-required elementor-mark-required\">\n\t\t\t\t\t\t\t<div class=\"elementor-field-subgroup\">\n\t\t\t<span class=\"elementor-field-option\">\n\t\t\t\t<input type=\"checkbox\" name=\"form_fields[field_d991b41]\" id=\"form-field-field_d991b41\" class=\"elementor-field elementor-size-sm  elementor-acceptance-field\" required=\"required\">\n\t\t\t\t<label for=\"form-field-field_d991b41\">Autorizo la recogida y el tratamiento de los datos personales facilitados en el presente formulario para los fines descritos en la <a href=\"\/politica\" style=\"color: #fff; line-height: 17px; font-size: 14px;\">Pol\u00edtica de Privacidad<\/a> y las <a href=\"\/bases\" style=\"color: #fff; line-height: 17px; font-size: 14px;\">bases del Sorteo<\/a><\/label>\t\t\t<\/span>\n\t\t<\/div>\n\t\t\t\t\t\t<\/div>\n\t\t\t\t\t\t\t\t<div class=\"elementor-field-type-html elementor-field-group elementor-column elementor-field-group-field_26afb06 elementor-col-100\">\n\t\t\t\t\t<p style=\"color: #fff; font-size: 9px; line-height: 11px;\">Edenred Espa\u00f1a, S.A., es el responsable del tratamiento de sus datos personales. Sus datos personales ser\u00e1n tratados para la finalidad de gestionar el sorteo. Como Participante del sorteo tiene derecho a solicitar el ejercicio de sus derechos de acceso, rectificaci\u00f3n, oposici\u00f3n, supresi\u00f3n, limitaci\u00f3n del tratamiento y\/o portabilidad, en los t\u00e9rminos reconocidos por la normativa en materia de protecci\u00f3n de datos, contactando con nosotros a trav\u00e9s de <a href=\"https:\/\/rgpd.edenred.es\" style=\"color: #fff; font-size: 9px; line-height: 11px;\">https:\/\/rgpd.edenred.es<\/a><\/p>\t\t\t\t<\/div>\n\t\t\t\t\t\t\t\t<div class=\"elementor-field-group elementor-column elementor-field-type-submit elementor-col-100 e-form__buttons\">\n\t\t\t\t\t<button class=\"elementor-button elementor-size-sm\" type=\"submit\">\n\t\t\t\t\t\t<span class=\"elementor-button-content-wrapper\">\n\t\t\t\t\t\t\t\t\t\t\t\t\t\t\t\t\t\t\t\t\t\t<span class=\"elementor-button-text\">Enviar<\/span>\n\t\t\t\t\t\t\t\t\t\t\t\t\t<\/span>\n\t\t\t\t\t<\/button>\n\t\t\t\t<\/div>\n\t\t\t<\/div>\n\t\t<\/form>\n\t\t\t\t\t\t<\/div>\n\t\t\t\t\t<\/div>\n\t\t\t\t<\/div>\n\t\t<div data-particle_enable=\"false\" data-particle-mobile-disabled=\"false\" class=\"elementor-element elementor-element-01dc55b e-flex e-con-boxed e-con e-parent\" data-id=\"01dc55b\" data-element_type=\"container\">\n\t\t\t\t\t<div class=\"e-con-inner\">\n\t\t\t\t<div class=\"elementor-element elementor-element-6d0a4d7 elementor-widget-divider--view-line elementor-widget elementor-widget-divider\" data-id=\"6d0a4d7\" data-element_type=\"widget\" data-widget_type=\"divider.default\">\n\t\t\t\t\t\t\t<div class=\"elementor-divider\">\n\t\t\t<span class=\"elementor-divider-separator\">\n\t\t\t\t\t\t<\/span>\n\t\t<\/div>\n\t\t\t\t\t\t<\/div>\n\t\t\t\t\t<\/div>\n\t\t\t\t<\/div>\n\t\t<div data-particle_enable=\"false\" data-particle-mobile-disabled=\"false\" class=\"elementor-element elementor-element-e0e8c18 e-flex e-con-boxed e-con e-parent\" data-id=\"e0e8c18\" data-element_type=\"container\">\n\t\t\t\t\t<div class=\"e-con-inner\">\n\t\t\t\t<div class=\"elementor-element elementor-element-5e431b9 elementor-widget elementor-widget-text-editor\" data-id=\"5e431b9\" data-element_type=\"widget\" data-widget_type=\"text-editor.default\">\n\t\t\t\t\t\t\t\t\t<a style=\"color: #fff; text-decoration: none; font-size: 11px; line-height: 19px;\" href=\"\/bases\">Bases legales del concurso<\/a>\n|\n<a style=\"color: #fff; text-decoration: none; font-size: 11px; line-height: 19px;\" href=\"\/aviso-legal\/\">Aviso legal<\/a>\n|\n<a style=\"color: #fff; text-decoration: none; font-size: 11px; line-height: 19px;\" href=\"\/politica\">Pol\u00edtica de privacidad<\/a>\n|\n<a style=\"color: #fff; text-decoration: none; font-size: 11px; line-height: 19px;\" href=\"\/cookies\/\">Pol\u00edtica de cookies<\/a>\t\t\t\t\t\t\t\t<\/div>\n\t\t\t\t\t<\/div>\n\t\t\t\t<\/div>\n\t\t\t\t<\/div>\n\t\t","protected":false},"excerpt":{"rendered":"<p>Do you want an Edenred Gift Card? Register here and take part in the prize draw: Legal conditions of the competition | Legal notice | Privacy policy | Cookies policy<\/p>","protected":false},"author":9,"featured_media":0,"parent":0,"menu_order":0,"comment_status":"closed","ping_status":"closed","template":"elementor_canvas","meta":{"_acf_changed":false,"footnotes":""},"class_list":["post-35802","page","type-page","status-publish","hentry"],"acf":[],"yoast_head":"<!-- This site is optimized with the Yoast SEO plugin v26.8 - https:\/\/yoast.com\/product\/yoast-seo-wordpress\/ -->\n<title>HIP 2024 - Edenred<\/title>\n<meta name=\"robots\" content=\"index, follow, max-snippet:-1, max-image-preview:large, max-video-preview:-1\" \/>\n<link rel=\"canonical\" href=\"https:\/\/www.edenred.es\/en\/hip2024\/\" \/>\n<meta property=\"og:locale\" content=\"en_GB\" \/>\n<meta property=\"og:type\" content=\"article\" \/>\n<meta property=\"og:title\" content=\"HIP 2024 - Edenred\" \/>\n<meta property=\"og:description\" content=\"\u00bfQuieres una tarjeta Edenred Regalo? Reg\u00edstrate aqu\u00ed y participa en el sorteo: Bases legales del concurso | Aviso legal | Pol\u00edtica de privacidad | Pol\u00edtica de cookies\" \/>\n<meta property=\"og:url\" content=\"https:\/\/www.edenred.es\/en\/hip2024\/\" \/>\n<meta property=\"og:site_name\" content=\"Edenred Espa\u00f1a\" \/>\n<meta property=\"article:modified_time\" content=\"2024-02-19T10:58:14+00:00\" \/>\n<meta property=\"og:image\" content=\"https:\/\/www.edenred.es\/wp-content\/uploads\/2024\/02\/HEADER.png\" \/>\n<meta name=\"twitter:card\" content=\"summary_large_image\" \/>\n<meta name=\"twitter:label1\" content=\"Estimated reading time\" \/>\n\t<meta name=\"twitter:data1\" content=\"2 minutes\" \/>\n<script type=\"application\/ld+json\" class=\"yoast-schema-graph\">{\"@context\":\"https:\/\/schema.org\",\"@graph\":[{\"@type\":\"WebPage\",\"@id\":\"https:\/\/www.edenred.es\/hip2024\/\",\"url\":\"https:\/\/www.edenred.es\/hip2024\/\",\"name\":\"HIP 2024 - Edenred\",\"isPartOf\":{\"@id\":\"https:\/\/www.edenred.es\/#website\"},\"primaryImageOfPage\":{\"@id\":\"https:\/\/www.edenred.es\/hip2024\/#primaryimage\"},\"image\":{\"@id\":\"https:\/\/www.edenred.es\/hip2024\/#primaryimage\"},\"thumbnailUrl\":\"https:\/\/www.edenred.es\/wp-content\/uploads\/2024\/02\/HEADER.png\",\"datePublished\":\"2024-01-25T08:00:03+00:00\",\"dateModified\":\"2024-02-19T10:58:14+00:00\",\"breadcrumb\":{\"@id\":\"https:\/\/www.edenred.es\/hip2024\/#breadcrumb\"},\"inLanguage\":\"en-GB\",\"potentialAction\":[{\"@type\":\"ReadAction\",\"target\":[\"https:\/\/www.edenred.es\/hip2024\/\"]}]},{\"@type\":\"ImageObject\",\"inLanguage\":\"en-GB\",\"@id\":\"https:\/\/www.edenred.es\/hip2024\/#primaryimage\",\"url\":\"https:\/\/www.edenred.es\/wp-content\/uploads\/2024\/02\/HEADER.png\",\"contentUrl\":\"https:\/\/www.edenred.es\/wp-content\/uploads\/2024\/02\/HEADER.png\"},{\"@type\":\"BreadcrumbList\",\"@id\":\"https:\/\/www.edenred.es\/hip2024\/#breadcrumb\",\"itemListElement\":[{\"@type\":\"ListItem\",\"position\":1,\"name\":\"Portada\",\"item\":\"https:\/\/www.edenred.es\/\"},{\"@type\":\"ListItem\",\"position\":2,\"name\":\"HIP 2024\"}]},{\"@type\":\"WebSite\",\"@id\":\"https:\/\/www.edenred.es\/#website\",\"url\":\"https:\/\/www.edenred.es\/\",\"name\":\"Edenred Espa\u00f1a\",\"description\":\"\",\"publisher\":{\"@id\":\"https:\/\/www.edenred.es\/#organization\"},\"potentialAction\":[{\"@type\":\"SearchAction\",\"target\":{\"@type\":\"EntryPoint\",\"urlTemplate\":\"https:\/\/www.edenred.es\/?s={search_term_string}\"},\"query-input\":{\"@type\":\"PropertyValueSpecification\",\"valueRequired\":true,\"valueName\":\"search_term_string\"}}],\"inLanguage\":\"en-GB\"},{\"@type\":\"Organization\",\"@id\":\"https:\/\/www.edenred.es\/#organization\",\"name\":\"Edenred Espa\u00f1a\",\"url\":\"https:\/\/www.edenred.es\/\",\"logo\":{\"@type\":\"ImageObject\",\"inLanguage\":\"en-GB\",\"@id\":\"https:\/\/www.edenred.es\/#\/schema\/logo\/image\/\",\"url\":\"https:\/\/www.edenred.es\/wp-content\/uploads\/2023\/02\/logo-edenred.svg\",\"contentUrl\":\"https:\/\/www.edenred.es\/wp-content\/uploads\/2023\/02\/logo-edenred.svg\",\"width\":413,\"height\":265,\"caption\":\"Edenred Espa\u00f1a\"},\"image\":{\"@id\":\"https:\/\/www.edenred.es\/#\/schema\/logo\/image\/\"}}]}<\/script>\n<!-- \/ Yoast SEO plugin. -->","yoast_head_json":{"title":"HIP 2024 - Edenred","robots":{"index":"index","follow":"follow","max-snippet":"max-snippet:-1","max-image-preview":"max-image-preview:large","max-video-preview":"max-video-preview:-1"},"canonical":"https:\/\/www.edenred.es\/en\/hip2024\/","og_locale":"en_GB","og_type":"article","og_title":"HIP 2024 - Edenred","og_description":"\u00bfQuieres una tarjeta Edenred Regalo? Reg\u00edstrate aqu\u00ed y participa en el sorteo: Bases legales del concurso | Aviso legal | Pol\u00edtica de privacidad | Pol\u00edtica de cookies","og_url":"https:\/\/www.edenred.es\/en\/hip2024\/","og_site_name":"Edenred Espa\u00f1a","article_modified_time":"2024-02-19T10:58:14+00:00","og_image":[{"url":"https:\/\/www.edenred.es\/wp-content\/uploads\/2024\/02\/HEADER.png","type":"","width":"","height":""}],"twitter_card":"summary_large_image","twitter_misc":{"Estimated reading time":"2 minutes"},"schema":{"@context":"https:\/\/schema.org","@graph":[{"@type":"WebPage","@id":"https:\/\/www.edenred.es\/hip2024\/","url":"https:\/\/www.edenred.es\/hip2024\/","name":"HIP 2024 - Edenred","isPartOf":{"@id":"https:\/\/www.edenred.es\/#website"},"primaryImageOfPage":{"@id":"https:\/\/www.edenred.es\/hip2024\/#primaryimage"},"image":{"@id":"https:\/\/www.edenred.es\/hip2024\/#primaryimage"},"thumbnailUrl":"https:\/\/www.edenred.es\/wp-content\/uploads\/2024\/02\/HEADER.png","datePublished":"2024-01-25T08:00:03+00:00","dateModified":"2024-02-19T10:58:14+00:00","breadcrumb":{"@id":"https:\/\/www.edenred.es\/hip2024\/#breadcrumb"},"inLanguage":"en-GB","potentialAction":[{"@type":"ReadAction","target":["https:\/\/www.edenred.es\/hip2024\/"]}]},{"@type":"ImageObject","inLanguage":"en-GB","@id":"https:\/\/www.edenred.es\/hip2024\/#primaryimage","url":"https:\/\/www.edenred.es\/wp-content\/uploads\/2024\/02\/HEADER.png","contentUrl":"https:\/\/www.edenred.es\/wp-content\/uploads\/2024\/02\/HEADER.png"},{"@type":"BreadcrumbList","@id":"https:\/\/www.edenred.es\/hip2024\/#breadcrumb","itemListElement":[{"@type":"ListItem","position":1,"name":"Portada","item":"https:\/\/www.edenred.es\/"},{"@type":"ListItem","position":2,"name":"HIP 2024"}]},{"@type":"WebSite","@id":"https:\/\/www.edenred.es\/#website","url":"https:\/\/www.edenred.es\/","name":"Edenred Spain","description":"","publisher":{"@id":"https:\/\/www.edenred.es\/#organization"},"potentialAction":[{"@type":"SearchAction","target":{"@type":"EntryPoint","urlTemplate":"https:\/\/www.edenred.es\/?s={search_term_string}"},"query-input":{"@type":"PropertyValueSpecification","valueRequired":true,"valueName":"search_term_string"}}],"inLanguage":"en-GB"},{"@type":"Organization","@id":"https:\/\/www.edenred.es\/#organization","name":"Edenred Spain","url":"https:\/\/www.edenred.es\/","logo":{"@type":"ImageObject","inLanguage":"en-GB","@id":"https:\/\/www.edenred.es\/#\/schema\/logo\/image\/","url":"https:\/\/www.edenred.es\/wp-content\/uploads\/2023\/02\/logo-edenred.svg","contentUrl":"https:\/\/www.edenred.es\/wp-content\/uploads\/2023\/02\/logo-edenred.svg","width":413,"height":265,"caption":"Edenred Espa\u00f1a"},"image":{"@id":"https:\/\/www.edenred.es\/#\/schema\/logo\/image\/"}}]}},"_links":{"self":[{"href":"https:\/\/www.edenred.es\/en\/wp-json\/wp\/v2\/pages\/35802","targetHints":{"allow":["GET"]}}],"collection":[{"href":"https:\/\/www.edenred.es\/en\/wp-json\/wp\/v2\/pages"}],"about":[{"href":"https:\/\/www.edenred.es\/en\/wp-json\/wp\/v2\/types\/page"}],"author":[{"embeddable":true,"href":"https:\/\/www.edenred.es\/en\/wp-json\/wp\/v2\/users\/9"}],"replies":[{"embeddable":true,"href":"https:\/\/www.edenred.es\/en\/wp-json\/wp\/v2\/comments?post=35802"}],"version-history":[{"count":0,"href":"https:\/\/www.edenred.es\/en\/wp-json\/wp\/v2\/pages\/35802\/revisions"}],"wp:attachment":[{"href":"https:\/\/www.edenred.es\/en\/wp-json\/wp\/v2\/media?parent=35802"}],"curies":[{"name":"wp","href":"https:\/\/api.w.org\/{rel}","templated":true}]}}