{"id":33086,"date":"2023-09-04T15:59:34","date_gmt":"2023-09-04T13:59:34","guid":{"rendered":"https:\/\/www.edenred.es\/?page_id=33086"},"modified":"2026-01-26T12:54:43","modified_gmt":"2026-01-26T11:54:43","slug":"recomendar-centro","status":"publish","type":"page","link":"https:\/\/www.edenred.es\/en\/ticket-guarderia\/recomendar-centro\/","title":{"rendered":"Recommend Centre"},"content":{"rendered":"\t\t<div data-elementor-type=\"wp-page\" data-elementor-id=\"33086\" class=\"elementor elementor-33086\" data-elementor-post-type=\"page\">\n\t\t\t\t<div data-particle_enable=\"false\" data-particle-mobile-disabled=\"false\" class=\"elementor-element elementor-element-0fde945 hero e-flex e-con-boxed e-con e-parent\" data-id=\"0fde945\" data-element_type=\"container\" data-settings=\"{&quot;background_background&quot;:&quot;gradient&quot;}\">\n\t\t\t\t\t<div class=\"e-con-inner\">\n\t\t<div data-particle_enable=\"false\" data-particle-mobile-disabled=\"false\" class=\"elementor-element elementor-element-ed22576 e-flex e-con-boxed e-con e-child\" data-id=\"ed22576\" data-element_type=\"container\" data-settings=\"{&quot;position&quot;:&quot;absolute&quot;}\">\n\t\t\t\t\t<div class=\"e-con-inner\">\n\t\t\t\t<div class=\"elementor-element elementor-element-01406cc elementor-widget elementor-widget-html\" data-id=\"01406cc\" data-element_type=\"widget\" data-widget_type=\"html.default\">\n\t\t\t\t\t<svg style=\"width:0;height:0;position:absolute;\" aria-hidden=\"true\" focusable=\"false\">\n  <linearGradient id=\"my-cool-gradient\" x2=\"1\" y2=\"1\">\n    <stop offset=\"0%\" stop-color=\"#F62717\" \/>\n    <stop offset=\"50%\" stop-color=\"#FF187F\" \/>\n  <\/linearGradient>\n<\/svg>\t\t\t\t<\/div>\n\t\t\t\t\t<\/div>\n\t\t\t\t<\/div>\n\t\t\t\t<div class=\"elementor-element elementor-element-dcbf30f elementor-widget elementor-widget-heading\" data-id=\"dcbf30f\" data-element_type=\"widget\" data-widget_type=\"heading.default\">\n\t\t\t\t\t<h1 class=\"elementor-heading-title elementor-size-default\">\u00bfTu escuela infantil no est\u00e1 en nuestra red?\n<br>D\u00ednoslo, \u00a1nos ocupamos!<\/h1>\t\t\t\t<\/div>\n\t\t\t\t<div class=\"elementor-element elementor-element-f8e9605 elementor-widget elementor-widget-text-editor\" data-id=\"f8e9605\" data-element_type=\"widget\" data-widget_type=\"text-editor.default\">\n\t\t\t\t\t\t\t\t\t<div id=\"panel-551-0-0-0\" class=\"so-panel widget widget_edrd-titlebox-widget panel-first-child\" data-index=\"0\"><div class=\"panel-widget-style panel-widget-style-for-551-0-0-0\"><div class=\"so-widget-edrd-titlebox-widget so-widget-edrd-titlebox-widget-base\"><div id=\"\" class=\"scheme-no-color\"><div class=\"edrd-titlebox\"><div class=\"container\"><div class=\"edrd-titlebox__title edrd-titlebox__subtitle-text\"><p>Env\u00edanos sus datos y le informaremos de lo f\u00e1cil que es unirse a Edenred Guarder\u00eda.<\/p><\/div><\/div><\/div><\/div><\/div><\/div><\/div>\t\t\t\t\t\t\t\t<\/div>\n\t\t\t\t<div class=\"elementor-element elementor-element-96aba96 elementor-absolute elementor-hidden-tablet elementor-hidden-mobile edrd-bg-svg elementor-widget elementor-widget-html\" data-id=\"96aba96\" data-element_type=\"widget\" data-settings=\"{&quot;_position&quot;:&quot;absolute&quot;}\" data-widget_type=\"html.default\">\n\t\t\t\t\t<svg width=\"56\" height=\"56\" viewBox=\"0 0 56 56\" fill=\"none\" xmlns=\"http:\/\/www.w3.org\/2000\/svg\">\n<circle opacity=\"0.3\" cx=\"28\" cy=\"28\" r=\"28\" fill=\"white\"\/>\n<\/svg>\n\t\t\t\t<\/div>\n\t\t\t\t<div class=\"elementor-element elementor-element-719cc03 elementor-absolute elementor-hidden-tablet elementor-hidden-mobile edrd-bg-svg elementor-widget elementor-widget-html\" data-id=\"719cc03\" data-element_type=\"widget\" data-settings=\"{&quot;_position&quot;:&quot;absolute&quot;}\" data-widget_type=\"html.default\">\n\t\t\t\t\t<svg width=\"128\" height=\"237\" viewBox=\"0 0 128 237\" fill=\"none\" xmlns=\"http:\/\/www.w3.org\/2000\/svg\">\n<rect x=\"-135.586\" y=\"168.261\" width=\"275.554\" height=\"133.986\" rx=\"66.9929\" transform=\"rotate(-45 -135.586 168.261)\" stroke=\"white\" stroke-width=\"2\"\/>\n<\/svg>\n\t\t\t\t<\/div>\n\t\t\t\t<div class=\"elementor-element elementor-element-d135e06 elementor-absolute generic-icon landing elementor-widget elementor-widget-html\" data-id=\"d135e06\" data-element_type=\"widget\" data-settings=\"{&quot;_position&quot;:&quot;absolute&quot;}\" data-widget_type=\"html.default\">\n\t\t\t\t\t<svg width=\"305\" height=\"298\" viewBox=\"0 0 305 298\" fill=\"none\" xmlns=\"http:\/\/www.w3.org\/2000\/svg\">\n<path d=\"M159.5 296C246.485 296 317 225.485 317 138.5C317 51.5152 246.485 -19 159.5 -19C72.5152 -19 2 51.5152 2 138.5C2 225.485 72.5152 296 159.5 296Z\" stroke=\"white\" stroke-width=\"3\" stroke-miterlimit=\"10\"\/>\n<path d=\"M116.626 144.215C112.673 133.006 111.993 120.904 114.666 109.323C117.339 97.7419 123.255 87.1618 131.722 78.8203C140.188 70.4789 150.855 64.721 162.475 62.2204C174.094 59.7198 186.185 60.5799 197.334 64.7C208.482 68.8202 218.227 76.03 225.427 85.4859C232.628 94.9418 236.987 106.253 237.994 118.095C239.001 129.938 236.614 141.823 231.114 152.359C225.613 162.895 217.226 171.646 206.934 177.59\" stroke=\"white\" stroke-width=\"3\" stroke-linecap=\"round\" stroke-linejoin=\"round\"\/>\n<path d=\"M175.641 60.7773C179.79 60.7773 183.769 62.4256 186.703 65.3595C189.637 68.2934 191.285 72.2727 191.285 76.4219C191.285 80.5711 189.637 84.5503 186.703 87.4842C183.769 90.4181 179.79 92.0664 175.641 92.0664\" stroke=\"white\" stroke-width=\"3\" stroke-linecap=\"round\" stroke-linejoin=\"round\"\/>\n<path d=\"M81.7812 154.645V217.223\" stroke=\"white\" stroke-width=\"3\" stroke-linecap=\"round\" stroke-linejoin=\"round\"\/>\n<path d=\"M81.7812 206.793H186.078C186.078 201.261 183.88 195.955 179.969 192.043C176.057 188.131 170.751 185.934 165.219 185.934H139.145C139.145 180.401 136.947 175.096 133.035 171.184C129.123 167.272 123.817 165.074 118.285 165.074H81.7812\" stroke=\"white\" stroke-width=\"3\" stroke-linecap=\"round\" stroke-linejoin=\"round\"\/>\n<path d=\"M118.281 185.934H139.141\" stroke=\"white\" stroke-width=\"3\" stroke-linecap=\"round\" stroke-linejoin=\"round\"\/>\n<path d=\"M191.289 149.43C186.776 152.815 181.286 154.645 175.645 154.645C170.003 154.645 164.513 152.815 160 149.43\" stroke=\"white\" stroke-width=\"3\" stroke-linecap=\"round\" stroke-linejoin=\"round\"\/>\n<path d=\"M152.178 118.141C151.486 118.141 150.823 117.866 150.334 117.377C149.845 116.888 149.57 116.225 149.57 115.533C149.57 114.842 149.845 114.178 150.334 113.689C150.823 113.2 151.486 112.926 152.178 112.926\" stroke=\"white\" stroke-width=\"3\"\/>\n<path d=\"M152.18 118.141C152.871 118.141 153.534 117.866 154.023 117.377C154.512 116.888 154.787 116.225 154.787 115.533C154.787 114.842 154.512 114.178 154.023 113.689C153.534 113.2 152.871 112.926 152.18 112.926\" stroke=\"white\" stroke-width=\"3\"\/>\n<path d=\"M199.107 118.141C198.416 118.141 197.753 117.866 197.264 117.377C196.775 116.888 196.5 116.225 196.5 115.533C196.5 114.842 196.775 114.178 197.264 113.689C197.753 113.2 198.416 112.926 199.107 112.926\" stroke=\"white\" stroke-width=\"3\"\/>\n<path d=\"M199.109 118.141C199.801 118.141 200.464 117.866 200.953 117.377C201.442 116.888 201.717 116.225 201.717 115.533C201.717 114.842 201.442 114.178 200.953 113.689C200.464 113.2 199.801 112.926 199.109 112.926\" stroke=\"white\" stroke-width=\"3\"\/>\n<\/svg>\n\t\t\t\t<\/div>\n\t\t\t\t<div class=\"elementor-element elementor-element-8a47c45 elementor-absolute elementor-widget elementor-widget-html\" data-id=\"8a47c45\" data-element_type=\"widget\" data-settings=\"{&quot;_position&quot;:&quot;absolute&quot;}\" data-widget_type=\"html.default\">\n\t\t\t\t\t<svg width=\"88\" height=\"88\" viewBox=\"0 0 88 88\" fill=\"none\" xmlns=\"http:\/\/www.w3.org\/2000\/svg\">\n<circle opacity=\"0.3\" cx=\"44\" cy=\"44\" r=\"44\" fill=\"white\"\/>\n<\/svg>\n\t\t\t\t<\/div>\n\t\t\t\t<div class=\"elementor-element elementor-element-4dce02c elementor-mobile-align-left elementor-widget elementor-widget-button\" data-id=\"4dce02c\" data-element_type=\"widget\" data-widget_type=\"button.default\">\n\t\t\t\t\t\t\t\t\t\t<a class=\"elementor-button elementor-button-link elementor-size-sm\" href=\"#recommendation-title\">\n\t\t\t\t\t\t<span class=\"elementor-button-content-wrapper\">\n\t\t\t\t\t\t\t\t\t<span class=\"elementor-button-text\">Solicitar inclusi\u00f3n<\/span>\n\t\t\t\t\t<\/span>\n\t\t\t\t\t<\/a>\n\t\t\t\t\t\t\t\t<\/div>\n\t\t\t\t\t<\/div>\n\t\t\t\t<\/div>\n\t\t<div data-particle_enable=\"false\" data-particle-mobile-disabled=\"false\" class=\"elementor-element elementor-element-81e9d7e e-flex e-con-boxed e-con e-parent\" data-id=\"81e9d7e\" data-element_type=\"container\">\n\t\t\t\t\t<div class=\"e-con-inner\">\n\t\t\t\t<div class=\"elementor-element elementor-element-85c33aa elementor-absolute edrd-bg-svg elementor-widget elementor-widget-html\" data-id=\"85c33aa\" data-element_type=\"widget\" data-settings=\"{&quot;_position&quot;:&quot;absolute&quot;,&quot;motion_fx_motion_fx_scrolling&quot;:&quot;yes&quot;,&quot;motion_fx_translateY_effect&quot;:&quot;yes&quot;,&quot;motion_fx_translateY_direction&quot;:&quot;negative&quot;,&quot;motion_fx_translateY_speed&quot;:{&quot;unit&quot;:&quot;px&quot;,&quot;size&quot;:2.9,&quot;sizes&quot;:[]},&quot;motion_fx_translateY_affectedRange&quot;:{&quot;unit&quot;:&quot;%&quot;,&quot;size&quot;:&quot;&quot;,&quot;sizes&quot;:{&quot;start&quot;:0,&quot;end&quot;:100}},&quot;motion_fx_devices&quot;:[&quot;desktop&quot;,&quot;tablet&quot;,&quot;mobile&quot;]}\" data-widget_type=\"html.default\">\n\t\t\t\t\t<svg width=\"105\" height=\"191\" viewBox=\"0 0 105 191\" fill=\"none\" xmlns=\"http:\/\/www.w3.org\/2000\/svg\">\n<rect x=\"62.4777\" y=\"213.132\" width=\"246.077\" height=\"129.012\" rx=\"64.5059\" transform=\"rotate(-150 62.4777 213.132)\" stroke=\"url(#paint0_linear_2873_1792)\" stroke-width=\"2\"\/>\n<defs>\n<linearGradient id=\"paint0_linear_2873_1792\" x1=\"186.882\" y1=\"214.498\" x2=\"186.882\" y2=\"345.51\" gradientUnits=\"userSpaceOnUse\">\n<stop stop-color=\"#F92324\"\/>\n<stop offset=\"1\" stop-color=\"#FF017E\"\/>\n<\/linearGradient>\n<\/defs>\n<\/svg>\n\t\t\t\t<\/div>\n\t\t\t\t<div class=\"elementor-element elementor-element-cea6d9d elementor-absolute edrd-bg-svg elementor-widget elementor-widget-html\" data-id=\"cea6d9d\" data-element_type=\"widget\" data-settings=\"{&quot;_position&quot;:&quot;absolute&quot;,&quot;motion_fx_motion_fx_scrolling&quot;:&quot;yes&quot;,&quot;motion_fx_translateY_effect&quot;:&quot;yes&quot;,&quot;motion_fx_translateY_speed&quot;:{&quot;unit&quot;:&quot;px&quot;,&quot;size&quot;:2.9,&quot;sizes&quot;:[]},&quot;motion_fx_translateY_affectedRange&quot;:{&quot;unit&quot;:&quot;%&quot;,&quot;size&quot;:&quot;&quot;,&quot;sizes&quot;:{&quot;start&quot;:0,&quot;end&quot;:100}},&quot;motion_fx_devices&quot;:[&quot;desktop&quot;,&quot;tablet&quot;,&quot;mobile&quot;]}\" data-widget_type=\"html.default\">\n\t\t\t\t\t<svg width=\"82\" height=\"178\" viewBox=\"0 0 82 178\" fill=\"none\" xmlns=\"http:\/\/www.w3.org\/2000\/svg\">\n<circle cx=\"89\" cy=\"89\" r=\"88\" stroke=\"url(#paint0_linear_2873_1791)\" stroke-width=\"2\"\/>\n<defs>\n<linearGradient id=\"paint0_linear_2873_1791\" x1=\"89\" y1=\"0\" x2=\"89\" y2=\"178\" gradientUnits=\"userSpaceOnUse\">\n<stop stop-color=\"#F92324\"\/>\n<stop offset=\"1\" stop-color=\"#FF017E\"\/>\n<\/linearGradient>\n<\/defs>\n<\/svg>\n\t\t\t\t<\/div>\n\t\t\t\t<div class=\"elementor-element elementor-element-8f9ec86 second-level-title generic elementor-widget elementor-widget-heading\" data-id=\"8f9ec86\" data-element_type=\"widget\" id=\"recommendation-title\" data-widget_type=\"heading.default\">\n\t\t\t\t\t<h2 class=\"elementor-heading-title elementor-size-default\">Recomendar una nueva escuela infantil a nuestra red<\/h2>\t\t\t\t<\/div>\n\t\t\t\t<div class=\"elementor-element elementor-element-01b1412 elementor-widget elementor-widget-text-editor\" data-id=\"01b1412\" data-element_type=\"widget\" data-widget_type=\"text-editor.default\">\n\t\t\t\t\t\t\t\t\t<p>Env\u00edanos los datos del centro y les informaremos de las ventajas que tiene unirse a nuestra red.<br \/>\u00a1As\u00ed de f\u00e1cil y r\u00e1pido!<\/p>\t\t\t\t\t\t\t\t<\/div>\n\t\t\t\t<div class=\"elementor-element elementor-element-d6643cd elementor-widget elementor-widget-gs_recommendation_form\" data-id=\"d6643cd\" data-element_type=\"widget\" data-widget_type=\"gs_recommendation_form.default\">\n\t\t\t\t<div class=\"elementor-widget-container\">\n\t\t\t\t\t<div class=\"edrd-recommendation-form__tabs-content\">\n    <div class=\"edrd-recommendation-form__tabs-content--fields\">\n        <div class=\"edrd-recommendation-form__tab-content\">\n            <form id=\"recommendation-form-69d6b4fe8ec7c\" method=\"post\" class=\" js-edrd-recommendation-form\">\n                <input type=\"hidden\" name=\"email_recommendation\" value=\"1\">\n                <input type=\"hidden\" id=\"email_recommendation_nonce_field\" name=\"email_recommendation_nonce_field\" value=\"98df02f63e\" \/><input type=\"hidden\" name=\"_wp_http_referer\" value=\"\/en\/wp-json\/wp\/v2\/pages\/33086\" \/>\n                <input type=\"hidden\" name=\"utm_campaign\" id=\"utm_campaign\" value=\"\"\/>\n                <input type=\"hidden\"  id=\"utm_medium\" name=\"utm_medium\" value=\"\"\/>\n                <input type=\"hidden\" id=\"utm_source\" name=\"utm_source\" value=\"\"\/>\n\n                <input type=\"hidden\" id=\"recaptcha_token\" name=\"recaptcha_token\" value=\"\" \/>\n\n                <input id=\"product\" name=\"product\" type=\"hidden\" value=\"guarderia\" required>\n\n                <input type=\"hidden\" name=\"redirect\" value=\"\">\n\n                <h2>Datos del Centro<\/h2>\n\n                <div class=\"flex-form\">\n\n                    <div class=\"edrd-recommendation-form-field\">\n                        <label for=\"namePlace\">\n                            Nombre del centro*                        <\/label>\n                        <input type=\"text\" name=\"namePlace\" id=\"namePlace\" placeholder=\"Nombre\" required data-msg-required=\"Campo obligatorio\"\/>\n                    <\/div>\n\n                    <div class=\"edrd-recommendation-form__tab-field edrd-recommendation-form-field\">\n                        <label for=\"nameContact\">\n                            Persona de Contacto                        <\/label>\n                        <input type=\"text\" name=\"nameContact\" id=\"nameContact\" placeholder=\"Persona de Contacto\" required data-msg-required=\"Campo obligatorio\"\/>\n                    <\/div>\n\n                    <div class=\"edrd-recommendation-form__tab-field edrd-recommendation-form-field\">\n                        <label for=\"phone\">\n                            Tel\u00e9fono*                        <\/label>\n                        <input type=\"number\" placeholder=\"Tel\u00e9fono\" name=\"phone\" id=\"phone\" min=\"1\" step=\"1\" class=\"edrd-recommendation-form__tab-field--phone\" data-msg-regex=\"Tel\u00e9fono no v\u00e1lido\"\/>\n                    <\/div>\n\n                    <div class=\"edrd-recommendation-form__tab-field edrd-recommendation-form-field\">\n                        <label for=\"cp\">\n                            C\u00f3digo Postal                        <\/label>\n                        <input type=\"number\" placeholder=\"C\u00f3digo Postal\" name=\"cp\" id=\"cp\" step=\"1\" min=\"1\" max=\"99999\" pattern=\"^[0-9]{5}$\" class=\"edrd-recommendation-form__tab-field--cp\" data-msg-regex=\"C\u00f3digo Postal no v\u00e1lido\"\/>\n                    <\/div>\n\n                <\/div>\n\n                <h2>Tus datos<\/h2>\n\n                <div class=\"flex-form\">\n\n                    <div class=\"edrd-recommendation-form__tab-field edrd-recommendation-form-field\">\n                        <label for=\"name\">\n                            Nombre*                        <\/label>\n                        <input type=\"text\" name=\"fullname\" id=\"name\" placeholder=\"Nombre\" data-msg-required=\"Campo obligatorio\"\/>\n                    <\/div>\n\n                    <div class=\"edrd-recommendation-form__tab-field edrd-recommendation-form-field\">\n                        <label for=\"email\">\n                            Email*                        <\/label>\n                        <input type=\"email\" name=\"email\" id=\"email\" placeholder=\"Email\" data-msg-email=\"Email no v\u00e1lido\"\/>\n                    <\/div>\n\n                    \n                    \n                <\/div>\n\n                <div class=\"edrd-recommendation-form__tab-policy\">\n                    <div class=\"edrd-recommendation-form__tab-policy-container\">\n                        <input class=\"edrd-recommendation-form__tab-policy-field\" type=\"checkbox\"  id=\"policyrecommendation-form-69d6b4fe8ec7c\" name=\"policy\" data-msg-required=\"Debes aceptar las condiciones.\"\/>\n                        <div class=\"text-container\">\n                            <label for=\"policyrecommendation-form-69d6b4fe8ec7c\">\n                                Acepto facilitar estos datos para recibir la informaci\u00f3n solicitada. <br>\nPuedes consultar m\u00e1s detalles sobre la <a href=\"\/privacidad\">informaci\u00f3n b\u00e1sica de protecci\u00f3n de datos.<\/a>                            <\/label>\n                            <div class=\"gcaptcha-text\">Esta web est\u00e1 protegida por Recaptcha siguiendo la <a href=\"https:\/\/policies.google.com\/privacy\" target=\"__blank\">pol\u00edtica de privacidad<\/a> y las <a href=\"https:\/\/policies.google.com\/terms\" target=\"__blank\"> condiciones de servicio<\/a> de Google.<\/div>\n                        <\/div>\n                    <\/div>\n                <\/div>\n\n                <div class=\"edrd-recommendation-form__tab-button\">\n                    <button type=\"submit\" form=\"recommendation-form-69d6b4fe8ec7c\" class=\"g-recaptcha edrd-btn\" id=\"recommendation-button\">\n                        Enviar                    <\/button>\n                <\/div>\n            <\/form>\n        <\/div>\n    <\/div>\n<\/div>\n\n<script src=\"https:\/\/www.google.com\/recaptcha\/api.js?render=6LfZV9cZAAAAAIbAbGGwumnXUn-lyGMkqe1zFYl7\"><\/script>\t\t\t\t<\/div>\n\t\t\t\t<\/div>\n\t\t\t\t\t<\/div>\n\t\t\t\t<\/div>\n\t\t\t\t<\/div>\n\t\t","protected":false},"excerpt":{"rendered":"<p>\u00bfTu escuela infantil no est\u00e1 en nuestra red? D\u00ednoslo, \u00a1nos ocupamos! Env\u00edanos sus datos y le informaremos de lo f\u00e1cil que es unirse a Edenred Guarder\u00eda. Solicitar inclusi\u00f3n Recomendar una nueva escuela infantil a nuestra red Env\u00edanos los datos del centro y les informaremos de las ventajas que tiene unirse a nuestra red.\u00a1As\u00ed de f\u00e1cil [&hellip;]<\/p>\n","protected":false},"author":1,"featured_media":0,"parent":42317,"menu_order":0,"comment_status":"closed","ping_status":"closed","template":"","meta":{"_acf_changed":false,"footnotes":""},"class_list":["post-33086","page","type-page","status-publish","hentry"],"acf":[],"yoast_head":"<!-- This site is optimized with the Yoast SEO plugin v26.8 - https:\/\/yoast.com\/product\/yoast-seo-wordpress\/ -->\n<title>Recomendar Centro - Edenred<\/title>\n<meta name=\"robots\" content=\"index, follow, max-snippet:-1, max-image-preview:large, max-video-preview:-1\" \/>\n<link rel=\"canonical\" href=\"https:\/\/www.edenred.es\/en\/ticket-guarderia\/recomendar-centro\/\" \/>\n<meta property=\"og:locale\" content=\"en_GB\" \/>\n<meta property=\"og:type\" content=\"article\" \/>\n<meta property=\"og:title\" content=\"Recomendar Centro - Edenred\" \/>\n<meta property=\"og:description\" content=\"\u00bfTu escuela infantil no est\u00e1 en nuestra red? D\u00ednoslo, \u00a1nos ocupamos! Env\u00edanos sus datos y le informaremos de lo f\u00e1cil que es unirse a Edenred Guarder\u00eda. Solicitar inclusi\u00f3n Recomendar una nueva escuela infantil a nuestra red Env\u00edanos los datos del centro y les informaremos de las ventajas que tiene unirse a nuestra red.\u00a1As\u00ed de f\u00e1cil [&hellip;]\" \/>\n<meta property=\"og:url\" content=\"https:\/\/www.edenred.es\/en\/ticket-guarderia\/recomendar-centro\/\" \/>\n<meta property=\"og:site_name\" content=\"Edenred Espa\u00f1a\" \/>\n<meta property=\"article:modified_time\" content=\"2026-01-26T11:54:43+00:00\" \/>\n<meta name=\"twitter:card\" content=\"summary_large_image\" \/>\n<meta name=\"twitter:label1\" content=\"Estimated reading time\" \/>\n\t<meta name=\"twitter:data1\" content=\"1 minute\" \/>\n<script type=\"application\/ld+json\" class=\"yoast-schema-graph\">{\"@context\":\"https:\/\/schema.org\",\"@graph\":[{\"@type\":\"WebPage\",\"@id\":\"https:\/\/www.edenred.es\/ticket-guarderia\/recomendar-centro\/\",\"url\":\"https:\/\/www.edenred.es\/ticket-guarderia\/recomendar-centro\/\",\"name\":\"Recomendar Centro - Edenred\",\"isPartOf\":{\"@id\":\"https:\/\/www.edenred.es\/#website\"},\"datePublished\":\"2023-09-04T13:59:34+00:00\",\"dateModified\":\"2026-01-26T11:54:43+00:00\",\"breadcrumb\":{\"@id\":\"https:\/\/www.edenred.es\/ticket-guarderia\/recomendar-centro\/#breadcrumb\"},\"inLanguage\":\"en-GB\",\"potentialAction\":[{\"@type\":\"ReadAction\",\"target\":[\"https:\/\/www.edenred.es\/ticket-guarderia\/recomendar-centro\/\"]}]},{\"@type\":\"BreadcrumbList\",\"@id\":\"https:\/\/www.edenred.es\/ticket-guarderia\/recomendar-centro\/#breadcrumb\",\"itemListElement\":[{\"@type\":\"ListItem\",\"position\":1,\"name\":\"Portada\",\"item\":\"https:\/\/www.edenred.es\/\"},{\"@type\":\"ListItem\",\"position\":2,\"name\":\"Guarder\u00eda\",\"item\":\"https:\/\/www.edenred.es\/ticket-guarderia\/\"},{\"@type\":\"ListItem\",\"position\":3,\"name\":\"Recomendar Centro\"}]},{\"@type\":\"WebSite\",\"@id\":\"https:\/\/www.edenred.es\/#website\",\"url\":\"https:\/\/www.edenred.es\/\",\"name\":\"Edenred Espa\u00f1a\",\"description\":\"\",\"publisher\":{\"@id\":\"https:\/\/www.edenred.es\/#organization\"},\"potentialAction\":[{\"@type\":\"SearchAction\",\"target\":{\"@type\":\"EntryPoint\",\"urlTemplate\":\"https:\/\/www.edenred.es\/?s={search_term_string}\"},\"query-input\":{\"@type\":\"PropertyValueSpecification\",\"valueRequired\":true,\"valueName\":\"search_term_string\"}}],\"inLanguage\":\"en-GB\"},{\"@type\":\"Organization\",\"@id\":\"https:\/\/www.edenred.es\/#organization\",\"name\":\"Edenred Espa\u00f1a\",\"url\":\"https:\/\/www.edenred.es\/\",\"logo\":{\"@type\":\"ImageObject\",\"inLanguage\":\"en-GB\",\"@id\":\"https:\/\/www.edenred.es\/#\/schema\/logo\/image\/\",\"url\":\"https:\/\/www.edenred.es\/wp-content\/uploads\/2023\/02\/logo-edenred.svg\",\"contentUrl\":\"https:\/\/www.edenred.es\/wp-content\/uploads\/2023\/02\/logo-edenred.svg\",\"width\":413,\"height\":265,\"caption\":\"Edenred Espa\u00f1a\"},\"image\":{\"@id\":\"https:\/\/www.edenred.es\/#\/schema\/logo\/image\/\"}}]}<\/script>\n<!-- \/ Yoast SEO plugin. -->","yoast_head_json":{"title":"Recommend Centre - Edenred","robots":{"index":"index","follow":"follow","max-snippet":"max-snippet:-1","max-image-preview":"max-image-preview:large","max-video-preview":"max-video-preview:-1"},"canonical":"https:\/\/www.edenred.es\/en\/ticket-guarderia\/recomendar-centro\/","og_locale":"en_GB","og_type":"article","og_title":"Recomendar Centro - Edenred","og_description":"\u00bfTu escuela infantil no est\u00e1 en nuestra red? D\u00ednoslo, \u00a1nos ocupamos! Env\u00edanos sus datos y le informaremos de lo f\u00e1cil que es unirse a Edenred Guarder\u00eda. Solicitar inclusi\u00f3n Recomendar una nueva escuela infantil a nuestra red Env\u00edanos los datos del centro y les informaremos de las ventajas que tiene unirse a nuestra red.\u00a1As\u00ed de f\u00e1cil [&hellip;]","og_url":"https:\/\/www.edenred.es\/en\/ticket-guarderia\/recomendar-centro\/","og_site_name":"Edenred Espa\u00f1a","article_modified_time":"2026-01-26T11:54:43+00:00","twitter_card":"summary_large_image","twitter_misc":{"Estimated reading time":"1 minute"},"schema":{"@context":"https:\/\/schema.org","@graph":[{"@type":"WebPage","@id":"https:\/\/www.edenred.es\/ticket-guarderia\/recomendar-centro\/","url":"https:\/\/www.edenred.es\/ticket-guarderia\/recomendar-centro\/","name":"Recommend Centre - Edenred","isPartOf":{"@id":"https:\/\/www.edenred.es\/#website"},"datePublished":"2023-09-04T13:59:34+00:00","dateModified":"2026-01-26T11:54:43+00:00","breadcrumb":{"@id":"https:\/\/www.edenred.es\/ticket-guarderia\/recomendar-centro\/#breadcrumb"},"inLanguage":"en-GB","potentialAction":[{"@type":"ReadAction","target":["https:\/\/www.edenred.es\/ticket-guarderia\/recomendar-centro\/"]}]},{"@type":"BreadcrumbList","@id":"https:\/\/www.edenred.es\/ticket-guarderia\/recomendar-centro\/#breadcrumb","itemListElement":[{"@type":"ListItem","position":1,"name":"Portada","item":"https:\/\/www.edenred.es\/"},{"@type":"ListItem","position":2,"name":"Guarder\u00eda","item":"https:\/\/www.edenred.es\/ticket-guarderia\/"},{"@type":"ListItem","position":3,"name":"Recomendar Centro"}]},{"@type":"WebSite","@id":"https:\/\/www.edenred.es\/#website","url":"https:\/\/www.edenred.es\/","name":"Edenred Spain","description":"","publisher":{"@id":"https:\/\/www.edenred.es\/#organization"},"potentialAction":[{"@type":"SearchAction","target":{"@type":"EntryPoint","urlTemplate":"https:\/\/www.edenred.es\/?s={search_term_string}"},"query-input":{"@type":"PropertyValueSpecification","valueRequired":true,"valueName":"search_term_string"}}],"inLanguage":"en-GB"},{"@type":"Organization","@id":"https:\/\/www.edenred.es\/#organization","name":"Edenred Spain","url":"https:\/\/www.edenred.es\/","logo":{"@type":"ImageObject","inLanguage":"en-GB","@id":"https:\/\/www.edenred.es\/#\/schema\/logo\/image\/","url":"https:\/\/www.edenred.es\/wp-content\/uploads\/2023\/02\/logo-edenred.svg","contentUrl":"https:\/\/www.edenred.es\/wp-content\/uploads\/2023\/02\/logo-edenred.svg","width":413,"height":265,"caption":"Edenred Espa\u00f1a"},"image":{"@id":"https:\/\/www.edenred.es\/#\/schema\/logo\/image\/"}}]}},"_links":{"self":[{"href":"https:\/\/www.edenred.es\/en\/wp-json\/wp\/v2\/pages\/33086","targetHints":{"allow":["GET"]}}],"collection":[{"href":"https:\/\/www.edenred.es\/en\/wp-json\/wp\/v2\/pages"}],"about":[{"href":"https:\/\/www.edenred.es\/en\/wp-json\/wp\/v2\/types\/page"}],"author":[{"embeddable":true,"href":"https:\/\/www.edenred.es\/en\/wp-json\/wp\/v2\/users\/1"}],"replies":[{"embeddable":true,"href":"https:\/\/www.edenred.es\/en\/wp-json\/wp\/v2\/comments?post=33086"}],"version-history":[{"count":4,"href":"https:\/\/www.edenred.es\/en\/wp-json\/wp\/v2\/pages\/33086\/revisions"}],"predecessor-version":[{"id":45591,"href":"https:\/\/www.edenred.es\/en\/wp-json\/wp\/v2\/pages\/33086\/revisions\/45591"}],"up":[{"embeddable":true,"href":"https:\/\/www.edenred.es\/en\/wp-json\/wp\/v2\/pages\/42317"}],"wp:attachment":[{"href":"https:\/\/www.edenred.es\/en\/wp-json\/wp\/v2\/media?parent=33086"}],"curies":[{"name":"wp","href":"https:\/\/api.w.org\/{rel}","templated":true}]}}